{"id":1217,"date":"2023-09-29T17:29:29","date_gmt":"2023-09-29T17:29:29","guid":{"rendered":"https:\/\/caravanedugranderg.com\/es\/?page_id=1217"},"modified":"2023-10-05T10:37:20","modified_gmt":"2023-10-05T10:37:20","slug":"tours-desde-fez","status":"publish","type":"page","link":"https:\/\/caravanedugranderg.com\/es\/tours-desde-fez\/","title":{"rendered":"Tours desde Fez"},"content":{"rendered":"<div class=\"gb-container gb-container-4f922b59 alignfull\"><div class=\"gb-inside-container\">\n\n<h1 class=\"gb-headline gb-headline-a1fc1b7f gb-headline-text\">Tours al desierto desde Fez<\/h1>\n\n<\/div><div class=\"gb-shapes\"><div class=\"gb-shape gb-shape-1\"><svg xmlns=\"http:\/\/www.w3.org\/2000\/svg\" viewBox=\"0 0 1200 194.3\" preserveAspectRatio=\"none\"><path d=\"M1200 133.3l-50 8.9c-50 8.6-150 26.9-250 31.1-100 4.2-200-4.2-300-26.7S400 89.2 300 62.2C200 35.8 100 17.5 50 8.9L0 0v194.3h1200v-61z\"\/><\/svg><\/div><\/div><\/div>\n\n<div class=\"gb-container gb-container-3ffd7689\">\n\n<p>Caravane Du Grand Erg te invita a vivir una experiencia inolvidable en uno de los destinos m\u00e1s fascinantes de Marruecos. Si buscas aventura, paisajes impresionantes y una inmersi\u00f3n en la cultura Bereber, no te pierdas la oportunidad de explorar el desierto con nosotros. Nuestros tours desde Fez est\u00e1n dise\u00f1ados para cumplir con todas tus expectativas y brindarte recuerdos imborrables. \u00a1Ya sea que prefieras un tour compartido o una traves\u00eda privada, estamos aqu\u00ed para hacer de tu experiencia en el desierto algo \u00fanico!<\/p>\n\n\n\n<p>Descubre la magia del Sahara, observa las estrellas en el cielo nocturno del desierto, visita antiguas kasbahs y explora los tradicionales mercados y medinas de Fez. Con Caravane Du Grand Erg, cada viaje es una aventura llena de cultura, historia y belleza natural. \u00a1Emb\u00e1rcate en un viaje inolvidable y explora lo mejor del desierto marroqu\u00ed desde la m\u00e1gica ciudad de Fez!<\/p>\n\n\n<div class=\"gb-container gb-container-34bc7703\">\n\n<div class=\"gb-grid-wrapper gb-grid-wrapper-fe79267e gb-query-loop-wrapper\">\n<div class=\"gb-grid-column gb-grid-column-ffd45ba8 gb-query-loop-item post-1245 tours type-tours status-publish hentry category-tours-desde-fez\"><div class=\"gb-container gb-container-ffd45ba8\"><div class=\"gb-inside-container\">\n<figure class=\"gb-block-image gb-block-image-0b84d2cc\"><a href=\"https:\/\/caravanedugranderg.com\/es\/wp-content\/uploads\/sites\/2\/2023\/10\/fez-marrakech-via-ergchigaga-gorges.jpg\" rel=\"lightbox[1217]\"><img decoding=\"async\" class=\"gb-image-0b84d2cc \" src=\"https:\/\/caravanedugranderg.com\/es\/wp-content\/uploads\/sites\/2\/2023\/10\/fez-marrakech-via-ergchigaga-gorges.jpg\" \/><\/a><\/figure>\n\n<div class=\"gb-headline gb-headline-4234e5f9\"><span class=\"gb-icon\">       <\/span><span class=\"gb-headline-text\"><span class=\"post-term-item term-tours-desde-fez\">Tours desde Fez<\/span><\/span><\/div>\n\n<h2 class=\"gb-headline gb-headline-6b4ce3fa gb-headline-text\">De Fez a Marrakech via Erg Chigaga y Todra Gorges<\/h2>\n\n<div class=\"gb-container gb-container-8fc51d7c\"><div class=\"gb-inside-container\">\n<div class=\"gb-grid-wrapper gb-grid-wrapper-ab5844c7\">\n<div class=\"gb-grid-column gb-grid-column-c5407949\"><div class=\"gb-container gb-container-c5407949\"><div class=\"gb-inside-container\">\n\n<\/div><\/div><\/div>\n\n<div class=\"gb-grid-column gb-grid-column-604b4d02\"><div class=\"gb-container gb-container-604b4d02\"><div class=\"gb-inside-container\">\n\n<p><strong>d\u00edas<\/strong><\/p>\n\n<\/div><\/div><\/div>\n<\/div>\n<\/div><\/div>\n\n<div class=\"gb-grid-wrapper gb-grid-wrapper-ad8e0850\">\n<div class=\"gb-grid-column gb-grid-column-ffcf2d1b\"><div class=\"gb-container gb-container-ffcf2d1b\"><div class=\"gb-inside-container\">\n<p class=\"gb-headline gb-headline-cc721489 gb-headline-text\">Consultar precio<\/p>\n<\/div><\/div><\/div>\n<\/div>\n\n<div class=\"gb-button-wrapper gb-button-wrapper-1609d942\">\n<a class=\"gb-button gb-button-097d34ac gb-button-text\" href=\"https:\/\/caravanedugranderg.com\/es\/tours\/fez-marrakech-via-ergchigaga-gorges\/\">Ver Tour<\/a>\n<\/div>\n<\/div><\/div><\/div>\n\n<div class=\"gb-grid-column gb-grid-column-ffd45ba8 gb-query-loop-item post-1232 tours type-tours status-publish has-post-thumbnail hentry category-tours-desde-fez\"><div class=\"gb-container gb-container-ffd45ba8\"><div class=\"gb-inside-container\">\n<figure class=\"gb-block-image gb-block-image-0b84d2cc\"><a href=\"https:\/\/caravanedugranderg.com\/es\/wp-content\/uploads\/sites\/2\/2023\/10\/elegante-fez-magica-marrakech.jpg\" rel=\"lightbox[1217]\"><img decoding=\"async\" class=\"gb-image-0b84d2cc \" src=\"https:\/\/caravanedugranderg.com\/es\/wp-content\/uploads\/sites\/2\/2023\/10\/elegante-fez-magica-marrakech.jpg\" \/><\/a><\/figure>\n\n<div class=\"gb-headline gb-headline-4234e5f9\"><span class=\"gb-icon\">       <\/span><span class=\"gb-headline-text\"><span class=\"post-term-item term-tours-desde-fez\">Tours desde Fez<\/span><\/span><\/div>\n\n<h2 class=\"gb-headline gb-headline-6b4ce3fa gb-headline-text\">Tour del desierto de Fez a Marrakech en 4 d\u00edas<\/h2>\n\n<div class=\"gb-container gb-container-8fc51d7c\"><div class=\"gb-inside-container\">\n<div class=\"gb-grid-wrapper gb-grid-wrapper-ab5844c7\">\n<div class=\"gb-grid-column gb-grid-column-c5407949\"><div class=\"gb-container gb-container-c5407949\"><div class=\"gb-inside-container\">\n\n<\/div><\/div><\/div>\n\n<div class=\"gb-grid-column gb-grid-column-604b4d02\"><div class=\"gb-container gb-container-604b4d02\"><div class=\"gb-inside-container\">\n\n<p><strong>d\u00edas<\/strong><\/p>\n\n<\/div><\/div><\/div>\n<\/div>\n<\/div><\/div>\n\n<div class=\"gb-grid-wrapper gb-grid-wrapper-ad8e0850\">\n<div class=\"gb-grid-column gb-grid-column-ffcf2d1b\"><div class=\"gb-container gb-container-ffcf2d1b\"><div class=\"gb-inside-container\">\n<p class=\"gb-headline gb-headline-cc721489 gb-headline-text\">Consultar precio<\/p>\n<\/div><\/div><\/div>\n<\/div>\n\n<div class=\"gb-button-wrapper gb-button-wrapper-1609d942\">\n<a class=\"gb-button gb-button-097d34ac gb-button-text\" href=\"https:\/\/caravanedugranderg.com\/es\/tours\/tour-fez-marrakech-4dias\/\">Ver Tour<\/a>\n<\/div>\n<\/div><\/div><\/div>\n\n<div class=\"gb-grid-column gb-grid-column-ffd45ba8 gb-query-loop-item post-1226 tours type-tours status-publish has-post-thumbnail hentry category-tours-desde-fez\"><div class=\"gb-container gb-container-ffd45ba8\"><div class=\"gb-inside-container\">\n<figure class=\"gb-block-image gb-block-image-0b84d2cc\"><a href=\"https:\/\/caravanedugranderg.com\/es\/wp-content\/uploads\/sites\/2\/2023\/09\/desert-tour-fez-marrakech.jpg\" rel=\"lightbox[1217]\"><img decoding=\"async\" class=\"gb-image-0b84d2cc \" src=\"https:\/\/caravanedugranderg.com\/es\/wp-content\/uploads\/sites\/2\/2023\/09\/desert-tour-fez-marrakech.jpg\" \/><\/a><\/figure>\n\n<div class=\"gb-headline gb-headline-4234e5f9\"><span class=\"gb-icon\">       <\/span><span class=\"gb-headline-text\"><span class=\"post-term-item term-tours-desde-fez\">Tours desde Fez<\/span><\/span><\/div>\n\n<h2 class=\"gb-headline gb-headline-6b4ce3fa gb-headline-text\">Tour del desierto de Fez a Marrakech en 3 d\u00edas<\/h2>\n\n<div class=\"gb-container gb-container-8fc51d7c\"><div class=\"gb-inside-container\">\n<div class=\"gb-grid-wrapper gb-grid-wrapper-ab5844c7\">\n<div class=\"gb-grid-column gb-grid-column-c5407949\"><div class=\"gb-container gb-container-c5407949\"><div class=\"gb-inside-container\">\n\n<\/div><\/div><\/div>\n\n<div class=\"gb-grid-column gb-grid-column-604b4d02\"><div class=\"gb-container gb-container-604b4d02\"><div class=\"gb-inside-container\">\n\n<p><strong>d\u00edas<\/strong><\/p>\n\n<\/div><\/div><\/div>\n<\/div>\n<\/div><\/div>\n\n<div class=\"gb-grid-wrapper gb-grid-wrapper-ad8e0850\">\n<div class=\"gb-grid-column gb-grid-column-ffcf2d1b\"><div class=\"gb-container gb-container-ffcf2d1b\"><div class=\"gb-inside-container\">\n<p class=\"gb-headline gb-headline-cc721489 gb-headline-text\">Consultar precio<\/p>\n<\/div><\/div><\/div>\n<\/div>\n\n<div class=\"gb-button-wrapper gb-button-wrapper-1609d942\">\n<a class=\"gb-button gb-button-097d34ac gb-button-text\" href=\"https:\/\/caravanedugranderg.com\/es\/tours\/tour-fez-marrakech-3dias\/\">Ver Tour<\/a>\n<\/div>\n<\/div><\/div><\/div>\n<\/div>\n\n<\/div>\n<\/div>\n\n<div class=\"gb-container gb-container-9236858c\">\n\n<h2 class=\"gb-headline gb-headline-dd348c39 gb-headline-text\"><strong>Emb\u00e1rcate en un Viaje de Descubrimiento con Nuestras Excursiones desde Fez<\/strong><\/h2>\n\n\n\n<p class=\"has-text-align-left\">Si est\u00e1s ansioso por explorar un paisaje \u00fanico y adentrarte en las maravillas del desierto, nuestras excursiones desde <a href=\"https:\/\/es.wikipedia.org\/wiki\/Fez\">Fez<\/a> son la opci\u00f3n ideal para ti. Acompa\u00f1ado por nuestros gu\u00edas locales conocedores, viajar\u00e1s al coraz\u00f3n del desierto y forjar\u00e1s recuerdos inolvidables. Presencia atardeceres impresionantes, atraviesa las dunas de arena a lomos de un <a href=\"https:\/\/caravanedugranderg.com\/es\/excursiones-camello-marruecos\/\">camello en Marruecos<\/a>, y pasa la noche en un campamento Bereber tradicional bajo un manto de estrellas. Nuestras excursiones se personalizan seg\u00fan tus preferencias y necesidades, asegurando una experiencia verdaderamente aut\u00e9ntica y enriquecedora.<\/p>\n\n\n<div class=\"gb-grid-wrapper gb-grid-wrapper-823a1ecc\">\n<div class=\"gb-grid-column gb-grid-column-f29d13dd\"><div class=\"gb-container gb-container-f29d13dd\">\n\n<h2 class=\"gb-headline gb-headline-c530d3b8 gb-headline-text\">Tours compartidos desde Fez<\/h2>\n\n\n\n<p>Descubre el encanto de los diversos paisajes de Marruecos y su rica herencia con nuestros tours compartidos desde la hist\u00f3rica ciudad de Fez. Ya seas un viajero solitario, una pareja o un grupo de amigos, unirte a un tour compartido es una excelente manera de experimentar los encantadores paisajes del desierto, antiguas kasbahs y vibrantes culturas locales, todo mientras forjas nuevas amistades. Nuestros tours compartidos no solo son econ\u00f3micos, sino que tambi\u00e9n ofrecen un ambiente sociable, permiti\u00e9ndote compartir la alegr\u00eda y la emoci\u00f3n con aventureros de ideas afines. \u00a1Viaja a trav\u00e9s de las dunas rodantes del Sahara, descubre los misterios de las ancestrales tradiciones bereberes y crea recuerdos duraderos en esta inolvidable aventura compartida desde Fez!<\/p>\n\n\n\n<p>Cada tour est\u00e1 dise\u00f1ado con cuidado, asegurando un equilibrio entre exploraci\u00f3n, relajaci\u00f3n e inmersi\u00f3n cultural. Nuestros experimentados gu\u00edas te guiar\u00e1n, compartiendo conocimientos y historias, dando vida a la historia y tradiciones de esta tierra m\u00e1gica. \u00a1Sum\u00e9rgete en el coraz\u00f3n de Marruecos y comparte el viaje de toda una vida!<\/p>\n\n<\/div><\/div>\n\n<div class=\"gb-grid-column gb-grid-column-2488585a\"><div class=\"gb-container gb-container-2488585a\">\n\n<h2 class=\"gb-headline gb-headline-25321aba gb-headline-text\">Tours privados from Fez<\/h2>\n\n\n\n<p>Libera al explorador que llevas dentro con nuestros exclusivos tours privados que parten de la antigua ciudad de Fez. Dise\u00f1ados para satisfacer tus intereses y deseos \u00fanicos, estos tours ofrecen un viaje \u00edntimo y personalizado a trav\u00e9s de los paisajes hipnotizantes, hist\u00f3ricas kasbahs y vibrantes zocos de Marruecos. Ya sea que busques una escapada rom\u00e1ntica al desierto, una aventura familiar o una exploraci\u00f3n cultural en profundidad, nuestros tours privados desde Fez aseguran una experiencia \u00fanica e inolvidable, \u00a1creada solo para ti!<\/p>\n\n\n\n<p>Nuestros gu\u00edas expertos se dedican a proporcionarte ricos conocimientos sobre la historia, tradiciones y tesoros ocultos de Marruecos, haciendo que cada momento de tu viaje sea significativo y memorable. Con la flexibilidad de adaptar el itinerario a tus preferencias y el lujo de viajar a tu propio ritmo, nuestros tours privados desde Fez ofrecen una oportunidad incomparable para sumergirte en la belleza encantadora y las diversas culturas de Marruecos. \u00a1Experimenta la magia y el misterio de esta tierra extraordinaria mientras te aventuras por dunas rodantes, ciudades antiguas y valles pintorescos en tu aventura personalizada!<\/p>\n\n<\/div><\/div>\n<\/div>\n<\/div>\n\n<div class=\"gb-container gb-container-37d7bcad\">\n<div class=\"gb-grid-wrapper gb-grid-wrapper-4802686b\">\n<div class=\"gb-grid-column gb-grid-column-7bae4be2\"><div class=\"gb-container gb-container-7bae4be2\">\n\n<figure class=\"gb-block-image gb-block-image-f7d5b5d8\"><img loading=\"lazy\" decoding=\"async\" width=\"800\" height=\"523\" class=\"gb-image gb-image-f7d5b5d8\" src=\"https:\/\/caravanedugranderg.com\/es\/wp-content\/uploads\/sites\/2\/2022\/12\/fez-1.jpg\" alt=\"fez marruecos turismo\" title=\"fez-1\" srcset=\"https:\/\/caravanedugranderg.com\/es\/wp-content\/uploads\/sites\/2\/2022\/12\/fez-1.jpg 800w, https:\/\/caravanedugranderg.com\/es\/wp-content\/uploads\/sites\/2\/2022\/12\/fez-1-300x196.jpg 300w, https:\/\/caravanedugranderg.com\/es\/wp-content\/uploads\/sites\/2\/2022\/12\/fez-1-768x502.jpg 768w\" sizes=\"auto, (max-width: 800px) 100vw, 800px\" \/><\/figure>\n\n<\/div><\/div>\n\n<div class=\"gb-grid-column gb-grid-column-fc52378e\"><div class=\"gb-container gb-container-fc52378e\">\n\n<figure class=\"gb-block-image gb-block-image-8ac96d85\"><img loading=\"lazy\" decoding=\"async\" width=\"800\" height=\"533\" class=\"gb-image gb-image-8ac96d85\" src=\"https:\/\/caravanedugranderg.com\/es\/wp-content\/uploads\/sites\/2\/2023\/06\/que-ver-en-fez-Bab-Bou-jeloud.jpg\" alt=\"Bab Bou Jeloud, en Fez\" title=\"que-ver-en-fez-Bab-Bou-jeloud\" srcset=\"https:\/\/caravanedugranderg.com\/es\/wp-content\/uploads\/sites\/2\/2023\/06\/que-ver-en-fez-Bab-Bou-jeloud.jpg 800w, https:\/\/caravanedugranderg.com\/es\/wp-content\/uploads\/sites\/2\/2023\/06\/que-ver-en-fez-Bab-Bou-jeloud-300x200.jpg 300w, https:\/\/caravanedugranderg.com\/es\/wp-content\/uploads\/sites\/2\/2023\/06\/que-ver-en-fez-Bab-Bou-jeloud-768x512.jpg 768w\" sizes=\"auto, (max-width: 800px) 100vw, 800px\" \/><\/figure>\n\n<\/div><\/div>\n\n<div class=\"gb-grid-column gb-grid-column-0160d3ae\"><div class=\"gb-container gb-container-0160d3ae\">\n\n<figure class=\"gb-block-image gb-block-image-4f10348a\"><img loading=\"lazy\" decoding=\"async\" width=\"800\" height=\"533\" class=\"gb-image gb-image-4f10348a\" src=\"https:\/\/caravanedugranderg.com\/es\/wp-content\/uploads\/sites\/2\/2023\/09\/fez.jpg\" alt=\"\" title=\"Fez, morocco\" srcset=\"https:\/\/caravanedugranderg.com\/es\/wp-content\/uploads\/sites\/2\/2023\/09\/fez.jpg 800w, https:\/\/caravanedugranderg.com\/es\/wp-content\/uploads\/sites\/2\/2023\/09\/fez-300x200.jpg 300w, https:\/\/caravanedugranderg.com\/es\/wp-content\/uploads\/sites\/2\/2023\/09\/fez-768x512.jpg 768w\" sizes=\"auto, (max-width: 800px) 100vw, 800px\" \/><\/figure>\n\n<\/div><\/div>\n<\/div>\n<\/div>","protected":false},"excerpt":{"rendered":"<p>Tours al desierto desde Fez Caravane Du Grand Erg te invita a vivir una experiencia inolvidable en uno de los destinos m\u00e1s fascinantes de Marruecos. Si buscas aventura, paisajes impresionantes y una inmersi\u00f3n en la cultura Bereber, no te pierdas la oportunidad de explorar el desierto con nosotros. Nuestros tours desde Fez est\u00e1n dise\u00f1ados para &#8230; <a title=\"Tours desde Fez\" class=\"read-more\" href=\"https:\/\/caravanedugranderg.com\/es\/tours-desde-fez\/\" aria-label=\"Leer m\u00e1s sobre Tours desde Fez\">Leer m\u00e1s<\/a><\/p>\n","protected":false},"author":1,"featured_media":0,"parent":0,"menu_order":14,"comment_status":"closed","ping_status":"closed","template":"","meta":{"_acf_changed":false,"_joinchat":[],"footnotes":""},"class_list":["post-1217","page","type-page","status-publish"],"acf":[],"yoast_head":"<!-- This site is optimized with the Yoast SEO Premium plugin v21.7 (Yoast SEO v27.6) - https:\/\/yoast.com\/product\/yoast-seo-premium-wordpress\/ -->\n<title>Tours desde Fez | Explora el Desierto<\/title>\n<meta name=\"description\" content=\"Elige tu excursi\u00f3n por el desierto con nuestros Tours desde Fez y disfruta de una experiencia \u00fanica con Caravane Du Grand Erg.\" \/>\n<meta name=\"robots\" content=\"index, follow, max-snippet:-1, max-image-preview:large, max-video-preview:-1\" \/>\n<link rel=\"canonical\" href=\"https:\/\/caravanedugranderg.com\/es\/tours-desde-fez\/\" \/>\n<meta property=\"og:locale\" content=\"es_ES\" \/>\n<meta property=\"og:type\" content=\"article\" \/>\n<meta property=\"og:title\" content=\"Tours desde Fez\" \/>\n<meta property=\"og:description\" content=\"Elige tu excursi\u00f3n por el desierto con nuestros Tours desde Fez y disfruta de una experiencia \u00fanica con Caravane Du Grand Erg.\" \/>\n<meta property=\"og:url\" content=\"https:\/\/caravanedugranderg.com\/es\/tours-desde-fez\/\" \/>\n<meta property=\"og:site_name\" content=\"ES Caravane Du Grand Erg\" \/>\n<meta property=\"article:modified_time\" content=\"2023-10-05T10:37:20+00:00\" \/>\n<meta property=\"og:image\" content=\"https:\/\/caravanedugranderg.com\/es\/wp-content\/uploads\/sites\/2\/2022\/12\/fez-1.jpg\" \/>\n<meta name=\"twitter:card\" content=\"summary_large_image\" \/>\n<meta name=\"twitter:label1\" content=\"Tiempo de lectura\" \/>\n\t<meta name=\"twitter:data1\" content=\"4 minutos\" \/>\n<script type=\"application\/ld+json\" class=\"yoast-schema-graph\">{\"@context\":\"https:\\\/\\\/schema.org\",\"@graph\":[{\"@type\":\"WebPage\",\"@id\":\"https:\\\/\\\/caravanedugranderg.com\\\/es\\\/tours-desde-fez\\\/\",\"url\":\"https:\\\/\\\/caravanedugranderg.com\\\/es\\\/tours-desde-fez\\\/\",\"name\":\"Tours desde Fez | Explora el Desierto\",\"isPartOf\":{\"@id\":\"https:\\\/\\\/caravanedugranderg.com\\\/es\\\/#website\"},\"primaryImageOfPage\":{\"@id\":\"https:\\\/\\\/caravanedugranderg.com\\\/es\\\/tours-desde-fez\\\/#primaryimage\"},\"image\":{\"@id\":\"https:\\\/\\\/caravanedugranderg.com\\\/es\\\/tours-desde-fez\\\/#primaryimage\"},\"thumbnailUrl\":\"https:\\\/\\\/caravanedugranderg.com\\\/es\\\/wp-content\\\/uploads\\\/sites\\\/2\\\/2022\\\/12\\\/fez-1.jpg\",\"datePublished\":\"2023-09-29T17:29:29+00:00\",\"dateModified\":\"2023-10-05T10:37:20+00:00\",\"description\":\"Elige tu excursi\u00f3n por el desierto con nuestros Tours desde Fez y disfruta de una experiencia \u00fanica con Caravane Du Grand Erg.\",\"breadcrumb\":{\"@id\":\"https:\\\/\\\/caravanedugranderg.com\\\/es\\\/tours-desde-fez\\\/#breadcrumb\"},\"inLanguage\":\"es\",\"potentialAction\":[{\"@type\":\"ReadAction\",\"target\":[\"https:\\\/\\\/caravanedugranderg.com\\\/es\\\/tours-desde-fez\\\/\"]}]},{\"@type\":\"ImageObject\",\"inLanguage\":\"es\",\"@id\":\"https:\\\/\\\/caravanedugranderg.com\\\/es\\\/tours-desde-fez\\\/#primaryimage\",\"url\":\"https:\\\/\\\/caravanedugranderg.com\\\/es\\\/wp-content\\\/uploads\\\/sites\\\/2\\\/2022\\\/12\\\/fez-1.jpg\",\"contentUrl\":\"https:\\\/\\\/caravanedugranderg.com\\\/es\\\/wp-content\\\/uploads\\\/sites\\\/2\\\/2022\\\/12\\\/fez-1.jpg\",\"width\":800,\"height\":523,\"caption\":\"fez marruecos turismo\"},{\"@type\":\"BreadcrumbList\",\"@id\":\"https:\\\/\\\/caravanedugranderg.com\\\/es\\\/tours-desde-fez\\\/#breadcrumb\",\"itemListElement\":[{\"@type\":\"ListItem\",\"position\":1,\"name\":\"Home\",\"item\":\"https:\\\/\\\/caravanedugranderg.com\\\/es\\\/\"},{\"@type\":\"ListItem\",\"position\":2,\"name\":\"Tours desde Fez\"}]},{\"@type\":\"WebSite\",\"@id\":\"https:\\\/\\\/caravanedugranderg.com\\\/es\\\/#website\",\"url\":\"https:\\\/\\\/caravanedugranderg.com\\\/es\\\/\",\"name\":\"Caravane Du Grand Erg\",\"description\":\"Tours por el desierto de Marruecos\",\"publisher\":{\"@id\":\"https:\\\/\\\/caravanedugranderg.com\\\/es\\\/#organization\"},\"potentialAction\":[{\"@type\":\"SearchAction\",\"target\":{\"@type\":\"EntryPoint\",\"urlTemplate\":\"https:\\\/\\\/caravanedugranderg.com\\\/es\\\/?s={search_term_string}\"},\"query-input\":{\"@type\":\"PropertyValueSpecification\",\"valueRequired\":true,\"valueName\":\"search_term_string\"}}],\"inLanguage\":\"es\"},{\"@type\":\"Organization\",\"@id\":\"https:\\\/\\\/caravanedugranderg.com\\\/es\\\/#organization\",\"name\":\"Caravane Du Grand Erg\",\"url\":\"https:\\\/\\\/caravanedugranderg.com\\\/es\\\/\",\"logo\":{\"@type\":\"ImageObject\",\"inLanguage\":\"es\",\"@id\":\"https:\\\/\\\/caravanedugranderg.com\\\/es\\\/#\\\/schema\\\/logo\\\/image\\\/\",\"url\":\"https:\\\/\\\/caravanedugranderg.com\\\/es\\\/wp-content\\\/uploads\\\/sites\\\/2\\\/2023\\\/01\\\/cropped-cropped-Caravane-Du-Grand-Erg-logo.png\",\"contentUrl\":\"https:\\\/\\\/caravanedugranderg.com\\\/es\\\/wp-content\\\/uploads\\\/sites\\\/2\\\/2023\\\/01\\\/cropped-cropped-Caravane-Du-Grand-Erg-logo.png\",\"width\":200,\"height\":63,\"caption\":\"Caravane Du Grand Erg\"},\"image\":{\"@id\":\"https:\\\/\\\/caravanedugranderg.com\\\/es\\\/#\\\/schema\\\/logo\\\/image\\\/\"},\"sameAs\":[\"https:\\\/\\\/www.instagram.com\\\/caravane_du_grand_erg\\\/\"]}]}<\/script>\n<!-- \/ Yoast SEO Premium plugin. -->","yoast_head_json":{"title":"Tours desde Fez | Explora el Desierto","description":"Elige tu excursi\u00f3n por el desierto con nuestros Tours desde Fez y disfruta de una experiencia \u00fanica con Caravane Du Grand Erg.","robots":{"index":"index","follow":"follow","max-snippet":"max-snippet:-1","max-image-preview":"max-image-preview:large","max-video-preview":"max-video-preview:-1"},"canonical":"https:\/\/caravanedugranderg.com\/es\/tours-desde-fez\/","og_locale":"es_ES","og_type":"article","og_title":"Tours desde Fez","og_description":"Elige tu excursi\u00f3n por el desierto con nuestros Tours desde Fez y disfruta de una experiencia \u00fanica con Caravane Du Grand Erg.","og_url":"https:\/\/caravanedugranderg.com\/es\/tours-desde-fez\/","og_site_name":"ES Caravane Du Grand Erg","article_modified_time":"2023-10-05T10:37:20+00:00","og_image":[{"url":"https:\/\/caravanedugranderg.com\/es\/wp-content\/uploads\/sites\/2\/2022\/12\/fez-1.jpg","type":"","width":"","height":""}],"twitter_card":"summary_large_image","twitter_misc":{"Tiempo de lectura":"4 minutos"},"schema":{"@context":"https:\/\/schema.org","@graph":[{"@type":"WebPage","@id":"https:\/\/caravanedugranderg.com\/es\/tours-desde-fez\/","url":"https:\/\/caravanedugranderg.com\/es\/tours-desde-fez\/","name":"Tours desde Fez | Explora el Desierto","isPartOf":{"@id":"https:\/\/caravanedugranderg.com\/es\/#website"},"primaryImageOfPage":{"@id":"https:\/\/caravanedugranderg.com\/es\/tours-desde-fez\/#primaryimage"},"image":{"@id":"https:\/\/caravanedugranderg.com\/es\/tours-desde-fez\/#primaryimage"},"thumbnailUrl":"https:\/\/caravanedugranderg.com\/es\/wp-content\/uploads\/sites\/2\/2022\/12\/fez-1.jpg","datePublished":"2023-09-29T17:29:29+00:00","dateModified":"2023-10-05T10:37:20+00:00","description":"Elige tu excursi\u00f3n por el desierto con nuestros Tours desde Fez y disfruta de una experiencia \u00fanica con Caravane Du Grand Erg.","breadcrumb":{"@id":"https:\/\/caravanedugranderg.com\/es\/tours-desde-fez\/#breadcrumb"},"inLanguage":"es","potentialAction":[{"@type":"ReadAction","target":["https:\/\/caravanedugranderg.com\/es\/tours-desde-fez\/"]}]},{"@type":"ImageObject","inLanguage":"es","@id":"https:\/\/caravanedugranderg.com\/es\/tours-desde-fez\/#primaryimage","url":"https:\/\/caravanedugranderg.com\/es\/wp-content\/uploads\/sites\/2\/2022\/12\/fez-1.jpg","contentUrl":"https:\/\/caravanedugranderg.com\/es\/wp-content\/uploads\/sites\/2\/2022\/12\/fez-1.jpg","width":800,"height":523,"caption":"fez marruecos turismo"},{"@type":"BreadcrumbList","@id":"https:\/\/caravanedugranderg.com\/es\/tours-desde-fez\/#breadcrumb","itemListElement":[{"@type":"ListItem","position":1,"name":"Home","item":"https:\/\/caravanedugranderg.com\/es\/"},{"@type":"ListItem","position":2,"name":"Tours desde Fez"}]},{"@type":"WebSite","@id":"https:\/\/caravanedugranderg.com\/es\/#website","url":"https:\/\/caravanedugranderg.com\/es\/","name":"Caravane Du Grand Erg","description":"Tours por el desierto de Marruecos","publisher":{"@id":"https:\/\/caravanedugranderg.com\/es\/#organization"},"potentialAction":[{"@type":"SearchAction","target":{"@type":"EntryPoint","urlTemplate":"https:\/\/caravanedugranderg.com\/es\/?s={search_term_string}"},"query-input":{"@type":"PropertyValueSpecification","valueRequired":true,"valueName":"search_term_string"}}],"inLanguage":"es"},{"@type":"Organization","@id":"https:\/\/caravanedugranderg.com\/es\/#organization","name":"Caravane Du Grand Erg","url":"https:\/\/caravanedugranderg.com\/es\/","logo":{"@type":"ImageObject","inLanguage":"es","@id":"https:\/\/caravanedugranderg.com\/es\/#\/schema\/logo\/image\/","url":"https:\/\/caravanedugranderg.com\/es\/wp-content\/uploads\/sites\/2\/2023\/01\/cropped-cropped-Caravane-Du-Grand-Erg-logo.png","contentUrl":"https:\/\/caravanedugranderg.com\/es\/wp-content\/uploads\/sites\/2\/2023\/01\/cropped-cropped-Caravane-Du-Grand-Erg-logo.png","width":200,"height":63,"caption":"Caravane Du Grand Erg"},"image":{"@id":"https:\/\/caravanedugranderg.com\/es\/#\/schema\/logo\/image\/"},"sameAs":["https:\/\/www.instagram.com\/caravane_du_grand_erg\/"]}]}},"_links":{"self":[{"href":"https:\/\/caravanedugranderg.com\/es\/wp-json\/wp\/v2\/pages\/1217","targetHints":{"allow":["GET"]}}],"collection":[{"href":"https:\/\/caravanedugranderg.com\/es\/wp-json\/wp\/v2\/pages"}],"about":[{"href":"https:\/\/caravanedugranderg.com\/es\/wp-json\/wp\/v2\/types\/page"}],"author":[{"embeddable":true,"href":"https:\/\/caravanedugranderg.com\/es\/wp-json\/wp\/v2\/users\/1"}],"replies":[{"embeddable":true,"href":"https:\/\/caravanedugranderg.com\/es\/wp-json\/wp\/v2\/comments?post=1217"}],"version-history":[{"count":0,"href":"https:\/\/caravanedugranderg.com\/es\/wp-json\/wp\/v2\/pages\/1217\/revisions"}],"wp:attachment":[{"href":"https:\/\/caravanedugranderg.com\/es\/wp-json\/wp\/v2\/media?parent=1217"}],"curies":[{"name":"wp","href":"https:\/\/api.w.org\/{rel}","templated":true}]}}