{"id":15,"date":"2023-01-12T14:58:44","date_gmt":"2023-01-12T14:58:44","guid":{"rendered":"https:\/\/caravanedugranderg.com\/es\/personaliza\/"},"modified":"2023-02-05T17:56:20","modified_gmt":"2023-02-05T17:56:20","slug":"personaliza","status":"publish","type":"page","link":"https:\/\/caravanedugranderg.com\/es\/personaliza\/","title":{"rendered":"Personaliza tu viaje"},"content":{"rendered":"<div class=\"gb-container gb-container-4f922b59 alignfull\"><div class=\"gb-inside-container\">\n\n<h1 class=\"gb-headline gb-headline-a1fc1b7f gb-headline-text\"><strong>Personaliza Tu Viaje<\/strong><\/h1>\n\n<\/div><div class=\"gb-shapes\"><div class=\"gb-shape gb-shape-1\"><svg xmlns=\"http:\/\/www.w3.org\/2000\/svg\" viewBox=\"0 0 1200 194.3\" preserveAspectRatio=\"none\"><path d=\"M1200 133.3l-50 8.9c-50 8.6-150 26.9-250 31.1-100 4.2-200-4.2-300-26.7S400 89.2 300 62.2C200 35.8 100 17.5 50 8.9L0 0v194.3h1200v-61z\"\/><\/svg><\/div><\/div><\/div>\n\n<div class=\"gb-container gb-container-f9439f76\"><div class=\"gb-inside-container\">\n\n<p class=\"has-text-align-center has-medium-font-size\">Ser\u00e1 un placer para nosotros ayudarte a planificar tu viaje so\u00f1ado.<\/p>\n\n\n\n<p class=\"has-text-align-center has-medium-font-size\">La combinaci\u00f3n de nuestra experiencia con tus deseos, es la clave para conseguir un viaje inolvidable. <\/p>\n\n\n\n<p class=\"has-text-align-center has-medium-font-size\">Por favor, env\u00eda el formulario y contactaremos contigo lo antes posible.<\/p>\n\n<\/div><\/div>\n\n<div class=\"gb-container gb-container-a7cb01e1\"><div class=\"gb-inside-container\">\n\n<div class=\"wp-block-contact-form-7-contact-form-selector\">\n<div class=\"wpcf7 no-js\" id=\"wpcf7-f66-o1\" lang=\"es-ES\" dir=\"ltr\" data-wpcf7-id=\"66\">\n<div class=\"screen-reader-response\"><p role=\"status\" aria-live=\"polite\" aria-atomic=\"true\"><\/p> <ul><\/ul><\/div>\n<form action=\"\/es\/wp-json\/wp\/v2\/pages\/15#wpcf7-f66-o1\" method=\"post\" class=\"wpcf7-form init\" aria-label=\"Formulario de contacto\" novalidate=\"novalidate\" data-status=\"init\">\n<fieldset class=\"hidden-fields-container\"><input type=\"hidden\" name=\"_wpcf7\" value=\"66\" \/><input type=\"hidden\" name=\"_wpcf7_version\" value=\"6.1.5\" \/><input type=\"hidden\" name=\"_wpcf7_locale\" value=\"es_ES\" \/><input type=\"hidden\" name=\"_wpcf7_unit_tag\" value=\"wpcf7-f66-o1\" \/><input type=\"hidden\" name=\"_wpcf7_container_post\" value=\"0\" \/><input type=\"hidden\" name=\"_wpcf7_posted_data_hash\" value=\"\" \/><input type=\"hidden\" name=\"_wpcf7dtx_version\" value=\"5.0.5\" \/>\n<\/fieldset>\n<div class=\"one-half\">\n\t<p><span class=\"wpcf7-form-control-wrap\" data-name=\"first-name\"><input size=\"40\" maxlength=\"400\" class=\"wpcf7-form-control wpcf7-text wpcf7-validates-as-required\" autocomplete=\"off\" aria-required=\"true\" aria-invalid=\"false\" placeholder=\"Nombre\" value=\"\" type=\"text\" name=\"first-name\" \/><\/span>\n\t<\/p>\n<\/div>\n<div class=\"one-half last\">\n\t<p><span class=\"wpcf7-form-control-wrap\" data-name=\"last-name\"><input size=\"40\" maxlength=\"400\" class=\"wpcf7-form-control wpcf7-text wpcf7-validates-as-required\" autocomplete=\"off\" aria-required=\"true\" aria-invalid=\"false\" placeholder=\"Apellido\" value=\"\" type=\"text\" name=\"last-name\" \/><\/span>\n\t<\/p>\n<\/div>\n<div class=\"one-half\">\n\t<p><span class=\"wpcf7-form-control-wrap\" data-name=\"your-email\"><input size=\"40\" maxlength=\"400\" class=\"wpcf7-form-control wpcf7-email wpcf7-validates-as-required wpcf7-text wpcf7-validates-as-email\" aria-required=\"true\" aria-invalid=\"false\" placeholder=\"Email\" value=\"\" type=\"email\" name=\"your-email\" \/><\/span>\n\t<\/p>\n<\/div>\n<div class=\"one-half last\">\n\t<p><span class=\"wpcf7-form-control-wrap\" data-name=\"your-phone\"><input size=\"40\" maxlength=\"400\" class=\"wpcf7-form-control wpcf7-text wpcf7-validates-as-required\" aria-required=\"true\" aria-invalid=\"false\" placeholder=\"Tel\u00e9fono\" value=\"\" type=\"text\" name=\"your-phone\" \/><\/span>\n\t<\/p>\n<\/div>\n<div class=\"one-half\">\n\t<p><span class=\"wpcf7-form-control-wrap\" data-name=\"country\"><input size=\"40\" maxlength=\"400\" class=\"wpcf7-form-control wpcf7-text wpcf7-validates-as-required\" aria-required=\"true\" aria-invalid=\"false\" placeholder=\"Pais de residencia\" value=\"\" type=\"text\" name=\"country\" \/><\/span>\n\t<\/p>\n<\/div>\n<div class=\"one-half last\">\n\t<p>D\u00eda de comienzo <span class=\"wpcf7-form-control-wrap\" data-name=\"date\"><input class=\"wpcf7-form-control wpcf7-date wpcf7-validates-as-required wpcf7-validates-as-date\" aria-required=\"true\" aria-invalid=\"false\" value=\"\" type=\"date\" name=\"date\" \/><\/span>\n\t<\/p>\n<\/div>\n<div class=\"one-half\">\n\t<p>N\u00ba de viajeros <span class=\"wpcf7-form-control-wrap\" data-name=\"travelers\"><input class=\"wpcf7-form-control wpcf7-number wpcf7-validates-as-number\" min=\"1\" max=\"20\" aria-invalid=\"false\" value=\"\" type=\"number\" name=\"travelers\" \/><\/span>\n\t<\/p>\n<\/div>\n<div class=\"one-half last\">\n\t<p>Categor\u00eda de hotel <span class=\"wpcf7-form-control-wrap\" data-name=\"hotel\"><select class=\"wpcf7-form-control wpcf7-select wpcf7-validates-as-required\" aria-required=\"true\" aria-invalid=\"false\" name=\"hotel\"><option value=\"3 estrellas\">3 estrellas<\/option><option value=\"4 estrellas\">4 estrellas<\/option><option value=\"5 estrellas\">5 estrellas<\/option><\/select><\/span>\n\t<\/p>\n<\/div>\n<div>\n\t<p><span class=\"wpcf7-form-control-wrap\" data-name=\"lugares\"><textarea cols=\"4\" rows=\"1\" maxlength=\"2000\" class=\"wpcf7-form-control wpcf7-textarea\" aria-invalid=\"false\" placeholder=\"Lugares que te gustar\u00eda visitar\" name=\"lugares\"><\/textarea><\/span>\n\t<\/p>\n<\/div>\n<div>\n\t<p><span class=\"wpcf7-form-control-wrap\" data-name=\"your-message\"><textarea cols=\"40\" rows=\"10\" maxlength=\"2000\" class=\"wpcf7-form-control wpcf7-textarea\" aria-invalid=\"false\" placeholder=\"Tu mensaje\" name=\"your-message\"><\/textarea><\/span>\n\t<\/p>\n<\/div>\n<div>\n\t<p><span class=\"wpcf7-form-control-wrap\" data-name=\"your-consent\"><span class=\"wpcf7-form-control wpcf7-acceptance\"><span class=\"wpcf7-list-item\"><label><input type=\"checkbox\" name=\"your-consent\" value=\"1\" aria-invalid=\"false\" \/><span class=\"wpcf7-list-item-label\">He le\u00eddo y acepto la <span style=\"color:#004b6d\"><a href=\"https:\/\/caravanedugranderg.com\/es\/politica-privacidad\/\" target=\"_blank\" rel=\"nofollow\">Pol\u00edtica de Privacidad<\/a><\/span><\/span><\/label><\/span><\/span><\/span>\n\t<\/p>\n<\/div>\n<p><input class=\"wpcf7-form-control wpcf7-submit has-spinner\" type=\"submit\" value=\"Enviar\" \/>\n<\/p><p style=\"display: none !important;\" class=\"akismet-fields-container\" data-prefix=\"_wpcf7_ak_\"><label>&#916;<textarea name=\"_wpcf7_ak_hp_textarea\" cols=\"45\" rows=\"8\" maxlength=\"100\"><\/textarea><\/label><input type=\"hidden\" id=\"ak_js_1\" name=\"_wpcf7_ak_js\" value=\"24\"\/><script>document.getElementById( \"ak_js_1\" ).setAttribute( \"value\", ( new Date() ).getTime() );<\/script><\/p><div class=\"wpcf7-response-output\" aria-hidden=\"true\"><\/div>\n<\/form>\n<\/div>\n<\/div>\n\n<\/div><\/div>","protected":false},"excerpt":{"rendered":"<p>Personaliza Tu Viaje Ser\u00e1 un placer para nosotros ayudarte a planificar tu viaje so\u00f1ado. La combinaci\u00f3n de nuestra experiencia con tus deseos, es la clave para conseguir un viaje inolvidable. Por favor, env\u00eda el formulario y contactaremos contigo lo antes posible.<\/p>\n","protected":false},"author":1,"featured_media":0,"parent":0,"menu_order":0,"comment_status":"closed","ping_status":"closed","template":"","meta":{"_acf_changed":false,"_joinchat":[],"footnotes":""},"class_list":["post-15","page","type-page","status-publish"],"acf":[],"yoast_head":"<!-- This site is optimized with the Yoast SEO Premium plugin v21.7 (Yoast SEO v27.4) - https:\/\/yoast.com\/product\/yoast-seo-premium-wordpress\/ -->\n<title>Personaliza tu viaje | ES Caravane Du Grand Erg<\/title>\n<meta name=\"robots\" content=\"noindex, follow\" \/>\n<meta property=\"og:locale\" content=\"es_ES\" \/>\n<meta property=\"og:type\" content=\"article\" \/>\n<meta property=\"og:title\" content=\"Personaliza tu viaje\" \/>\n<meta property=\"og:description\" content=\"Personaliza Tu Viaje Ser\u00e1 un placer para nosotros ayudarte a planificar tu viaje so\u00f1ado. La combinaci\u00f3n de nuestra experiencia con tus deseos, es la clave para conseguir un viaje inolvidable. Por favor, env\u00eda el formulario y contactaremos contigo lo antes posible.\" \/>\n<meta property=\"og:url\" content=\"https:\/\/caravanedugranderg.com\/es\/personaliza\/\" \/>\n<meta property=\"og:site_name\" content=\"ES Caravane Du Grand Erg\" \/>\n<meta property=\"article:modified_time\" content=\"2023-02-05T17:56:20+00:00\" \/>\n<meta name=\"twitter:card\" content=\"summary_large_image\" \/>\n<meta name=\"twitter:label1\" content=\"Tiempo de lectura\" \/>\n\t<meta name=\"twitter:data1\" content=\"1 minuto\" \/>\n<script type=\"application\/ld+json\" class=\"yoast-schema-graph\">{\"@context\":\"https:\\\/\\\/schema.org\",\"@graph\":[{\"@type\":\"WebPage\",\"@id\":\"https:\\\/\\\/caravanedugranderg.com\\\/es\\\/personaliza\\\/\",\"url\":\"https:\\\/\\\/caravanedugranderg.com\\\/es\\\/personaliza\\\/\",\"name\":\"Personaliza tu viaje | ES Caravane Du Grand Erg\",\"isPartOf\":{\"@id\":\"https:\\\/\\\/caravanedugranderg.com\\\/es\\\/#website\"},\"datePublished\":\"2023-01-12T14:58:44+00:00\",\"dateModified\":\"2023-02-05T17:56:20+00:00\",\"breadcrumb\":{\"@id\":\"https:\\\/\\\/caravanedugranderg.com\\\/es\\\/personaliza\\\/#breadcrumb\"},\"inLanguage\":\"es\",\"potentialAction\":[{\"@type\":\"ReadAction\",\"target\":[\"https:\\\/\\\/caravanedugranderg.com\\\/es\\\/personaliza\\\/\"]}]},{\"@type\":\"BreadcrumbList\",\"@id\":\"https:\\\/\\\/caravanedugranderg.com\\\/es\\\/personaliza\\\/#breadcrumb\",\"itemListElement\":[{\"@type\":\"ListItem\",\"position\":1,\"name\":\"Home\",\"item\":\"https:\\\/\\\/caravanedugranderg.com\\\/es\\\/\"},{\"@type\":\"ListItem\",\"position\":2,\"name\":\"Personaliza tu viaje\"}]},{\"@type\":\"WebSite\",\"@id\":\"https:\\\/\\\/caravanedugranderg.com\\\/es\\\/#website\",\"url\":\"https:\\\/\\\/caravanedugranderg.com\\\/es\\\/\",\"name\":\"Caravane Du Grand Erg\",\"description\":\"Tours por el desierto de Marruecos\",\"publisher\":{\"@id\":\"https:\\\/\\\/caravanedugranderg.com\\\/es\\\/#organization\"},\"potentialAction\":[{\"@type\":\"SearchAction\",\"target\":{\"@type\":\"EntryPoint\",\"urlTemplate\":\"https:\\\/\\\/caravanedugranderg.com\\\/es\\\/?s={search_term_string}\"},\"query-input\":{\"@type\":\"PropertyValueSpecification\",\"valueRequired\":true,\"valueName\":\"search_term_string\"}}],\"inLanguage\":\"es\"},{\"@type\":\"Organization\",\"@id\":\"https:\\\/\\\/caravanedugranderg.com\\\/es\\\/#organization\",\"name\":\"Caravane Du Grand Erg\",\"url\":\"https:\\\/\\\/caravanedugranderg.com\\\/es\\\/\",\"logo\":{\"@type\":\"ImageObject\",\"inLanguage\":\"es\",\"@id\":\"https:\\\/\\\/caravanedugranderg.com\\\/es\\\/#\\\/schema\\\/logo\\\/image\\\/\",\"url\":\"https:\\\/\\\/caravanedugranderg.com\\\/es\\\/wp-content\\\/uploads\\\/sites\\\/2\\\/2023\\\/01\\\/cropped-cropped-Caravane-Du-Grand-Erg-logo.png\",\"contentUrl\":\"https:\\\/\\\/caravanedugranderg.com\\\/es\\\/wp-content\\\/uploads\\\/sites\\\/2\\\/2023\\\/01\\\/cropped-cropped-Caravane-Du-Grand-Erg-logo.png\",\"width\":200,\"height\":63,\"caption\":\"Caravane Du Grand Erg\"},\"image\":{\"@id\":\"https:\\\/\\\/caravanedugranderg.com\\\/es\\\/#\\\/schema\\\/logo\\\/image\\\/\"},\"sameAs\":[\"https:\\\/\\\/www.instagram.com\\\/caravane_du_grand_erg\\\/\"]}]}<\/script>\n<!-- \/ Yoast SEO Premium plugin. -->","yoast_head_json":{"title":"Personaliza tu viaje | ES Caravane Du Grand Erg","robots":{"index":"noindex","follow":"follow"},"og_locale":"es_ES","og_type":"article","og_title":"Personaliza tu viaje","og_description":"Personaliza Tu Viaje Ser\u00e1 un placer para nosotros ayudarte a planificar tu viaje so\u00f1ado. La combinaci\u00f3n de nuestra experiencia con tus deseos, es la clave para conseguir un viaje inolvidable. Por favor, env\u00eda el formulario y contactaremos contigo lo antes posible.","og_url":"https:\/\/caravanedugranderg.com\/es\/personaliza\/","og_site_name":"ES Caravane Du Grand Erg","article_modified_time":"2023-02-05T17:56:20+00:00","twitter_card":"summary_large_image","twitter_misc":{"Tiempo de lectura":"1 minuto"},"schema":{"@context":"https:\/\/schema.org","@graph":[{"@type":"WebPage","@id":"https:\/\/caravanedugranderg.com\/es\/personaliza\/","url":"https:\/\/caravanedugranderg.com\/es\/personaliza\/","name":"Personaliza tu viaje | ES Caravane Du Grand Erg","isPartOf":{"@id":"https:\/\/caravanedugranderg.com\/es\/#website"},"datePublished":"2023-01-12T14:58:44+00:00","dateModified":"2023-02-05T17:56:20+00:00","breadcrumb":{"@id":"https:\/\/caravanedugranderg.com\/es\/personaliza\/#breadcrumb"},"inLanguage":"es","potentialAction":[{"@type":"ReadAction","target":["https:\/\/caravanedugranderg.com\/es\/personaliza\/"]}]},{"@type":"BreadcrumbList","@id":"https:\/\/caravanedugranderg.com\/es\/personaliza\/#breadcrumb","itemListElement":[{"@type":"ListItem","position":1,"name":"Home","item":"https:\/\/caravanedugranderg.com\/es\/"},{"@type":"ListItem","position":2,"name":"Personaliza tu viaje"}]},{"@type":"WebSite","@id":"https:\/\/caravanedugranderg.com\/es\/#website","url":"https:\/\/caravanedugranderg.com\/es\/","name":"Caravane Du Grand Erg","description":"Tours por el desierto de Marruecos","publisher":{"@id":"https:\/\/caravanedugranderg.com\/es\/#organization"},"potentialAction":[{"@type":"SearchAction","target":{"@type":"EntryPoint","urlTemplate":"https:\/\/caravanedugranderg.com\/es\/?s={search_term_string}"},"query-input":{"@type":"PropertyValueSpecification","valueRequired":true,"valueName":"search_term_string"}}],"inLanguage":"es"},{"@type":"Organization","@id":"https:\/\/caravanedugranderg.com\/es\/#organization","name":"Caravane Du Grand Erg","url":"https:\/\/caravanedugranderg.com\/es\/","logo":{"@type":"ImageObject","inLanguage":"es","@id":"https:\/\/caravanedugranderg.com\/es\/#\/schema\/logo\/image\/","url":"https:\/\/caravanedugranderg.com\/es\/wp-content\/uploads\/sites\/2\/2023\/01\/cropped-cropped-Caravane-Du-Grand-Erg-logo.png","contentUrl":"https:\/\/caravanedugranderg.com\/es\/wp-content\/uploads\/sites\/2\/2023\/01\/cropped-cropped-Caravane-Du-Grand-Erg-logo.png","width":200,"height":63,"caption":"Caravane Du Grand Erg"},"image":{"@id":"https:\/\/caravanedugranderg.com\/es\/#\/schema\/logo\/image\/"},"sameAs":["https:\/\/www.instagram.com\/caravane_du_grand_erg\/"]}]}},"_links":{"self":[{"href":"https:\/\/caravanedugranderg.com\/es\/wp-json\/wp\/v2\/pages\/15","targetHints":{"allow":["GET"]}}],"collection":[{"href":"https:\/\/caravanedugranderg.com\/es\/wp-json\/wp\/v2\/pages"}],"about":[{"href":"https:\/\/caravanedugranderg.com\/es\/wp-json\/wp\/v2\/types\/page"}],"author":[{"embeddable":true,"href":"https:\/\/caravanedugranderg.com\/es\/wp-json\/wp\/v2\/users\/1"}],"replies":[{"embeddable":true,"href":"https:\/\/caravanedugranderg.com\/es\/wp-json\/wp\/v2\/comments?post=15"}],"version-history":[{"count":0,"href":"https:\/\/caravanedugranderg.com\/es\/wp-json\/wp\/v2\/pages\/15\/revisions"}],"wp:attachment":[{"href":"https:\/\/caravanedugranderg.com\/es\/wp-json\/wp\/v2\/media?parent=15"}],"curies":[{"name":"wp","href":"https:\/\/api.w.org\/{rel}","templated":true}]}}