{"id":16,"date":"2023-01-12T14:59:24","date_gmt":"2023-01-12T14:59:24","guid":{"rendered":"https:\/\/caravanedugranderg.com\/es\/excursiones-dia\/"},"modified":"2023-08-02T17:53:09","modified_gmt":"2023-08-02T17:53:09","slug":"excursiones-dia","status":"publish","type":"page","link":"https:\/\/caravanedugranderg.com\/es\/excursiones-dia\/","title":{"rendered":"Excursiones de 1 d\u00eda"},"content":{"rendered":"<div class=\"gb-container gb-container-4f922b59 alignfull\"><div class=\"gb-inside-container\">\n\n<h1 class=\"gb-headline gb-headline-a1fc1b7f gb-headline-text\"><strong>Excursiones desde Marrakech<\/strong><\/h1>\n\n\n\n<p class=\"gb-headline gb-headline-f7f2cde7 gb-headline-text\">Con salida y llegada en el mismo d\u00eda<\/p>\n\n<\/div><div class=\"gb-shapes\"><div class=\"gb-shape gb-shape-1\"><svg xmlns=\"http:\/\/www.w3.org\/2000\/svg\" viewBox=\"0 0 1200 194.3\" preserveAspectRatio=\"none\"><path d=\"M1200 133.3l-50 8.9c-50 8.6-150 26.9-250 31.1-100 4.2-200-4.2-300-26.7S400 89.2 300 62.2C200 35.8 100 17.5 50 8.9L0 0v194.3h1200v-61z\"\/><\/svg><\/div><\/div><\/div>\n\n<div class=\"gb-container gb-container-0626bcbb\"><div class=\"gb-inside-container\">\n\n<p class=\"has-text-align-center\">Bienvenido a Marrakech, una ciudad llena de historia y cultura que te invita a explorar sus alrededores. Si est\u00e1s buscando una experiencia \u00fanica, las <strong>excursiones desde Marrakech<\/strong> son la opci\u00f3n perfecta para ti. Te ofrecemos una variedad de opciones para que descubras lugares impresionantes, desde antiguas kasbahs hasta cascadas y valles pintorescos. \u00a1Prep\u00e1rate para vivir aventuras inolvidables!<\/p>\n\n\n\n<h2 class=\"gb-headline gb-headline-d1c191e6 gb-headline-text\">Excursiones de Un d\u00eda desde Marrakech<\/h2>\n\n\n\n<p class=\"has-text-align-center\">Si est\u00e1s buscando una manera emocionante de explorar los alrededores de Marrakech en un corto per\u00edodo de tiempo, nuestras <strong>excursiones de un d\u00eda<\/strong> son la opci\u00f3n ideal. Te ofrecemos una <strong>selecci\u00f3n de incre\u00edbles destinos que podr\u00e1s descubrir en un solo d\u00eda<\/strong>, permiti\u00e9ndote sumergirte en la rica historia y la asombrosa belleza natural de Marruecos. Cada excursi\u00f3n te transportar\u00e1 a un mundo nuevo y fascinante. Acomp\u00e1\u00f1anos en estas aventuras de un d\u00eda y experimenta la magia de Marrakech y sus alrededores.<\/p>\n\n<\/div><\/div>\n\n<div class=\"gb-container gb-container-0fb8d0f6\"><div class=\"gb-inside-container\">\n\n<div class=\"gb-grid-wrapper gb-grid-wrapper-fe79267e gb-query-loop-wrapper\">\n<div class=\"gb-grid-column gb-grid-column-ffd45ba8 gb-query-loop-item post-146 tours type-tours status-publish hentry category-excursiones\"><div class=\"gb-container gb-container-ffd45ba8\"><div class=\"gb-inside-container\">\n<figure class=\"gb-block-image gb-block-image-0b84d2cc\"><img decoding=\"async\" class=\"gb-image-0b84d2cc \" src=\"https:\/\/caravanedugranderg.com\/es\/wp-content\/uploads\/sites\/2\/2023\/01\/ait-benhaddou.jpg\" \/><\/figure>\n\n<div class=\"gb-headline gb-headline-4234e5f9\"><span class=\"gb-icon\">       <\/span><span class=\"gb-headline-text\"><span class=\"post-term-item term-excursiones\">Excursiones<\/span><\/span><\/div>\n\n<h2 class=\"gb-headline gb-headline-6b4ce3fa gb-headline-text\">Telouet Kasbah y Ait Ben Haddou<\/h2>\n\n<div class=\"gb-grid-wrapper gb-grid-wrapper-0c2c8136\">\n<div class=\"gb-grid-column gb-grid-column-6f6bd0d3\"><div class=\"gb-container gb-container-6f6bd0d3\"><div class=\"gb-inside-container\">\n<p class=\"gb-headline gb-headline-c8084739 gb-headline-text\">Desde 110 \u20ac<\/p>\n<\/div><\/div><\/div>\n<\/div>\n\n<div class=\"gb-button-wrapper gb-button-wrapper-485ea4ba\">\n<a class=\"gb-button gb-button-8d3e8c8d gb-button-text\" href=\"https:\/\/caravanedugranderg.com\/es\/tours\/marrakech-telouet-aitbenhaddou\/\"><strong>Ver Tour<\/strong><\/a>\n<\/div>\n<\/div><\/div><\/div>\n\n<div class=\"gb-grid-column gb-grid-column-ffd45ba8 gb-query-loop-item post-72 tours type-tours status-publish hentry category-excursiones\"><div class=\"gb-container gb-container-ffd45ba8\"><div class=\"gb-inside-container\">\n<figure class=\"gb-block-image gb-block-image-0b84d2cc\"><img decoding=\"async\" class=\"gb-image-0b84d2cc \" src=\"https:\/\/caravanedugranderg.com\/es\/wp-content\/uploads\/sites\/2\/2023\/01\/essaouira-portada.jpg\" \/><\/figure>\n\n<div class=\"gb-headline gb-headline-4234e5f9\"><span class=\"gb-icon\">       <\/span><span class=\"gb-headline-text\"><span class=\"post-term-item term-excursiones\">Excursiones<\/span><\/span><\/div>\n\n<h2 class=\"gb-headline gb-headline-6b4ce3fa gb-headline-text\">Essaouira<\/h2>\n\n<div class=\"gb-grid-wrapper gb-grid-wrapper-0c2c8136\">\n<div class=\"gb-grid-column gb-grid-column-6f6bd0d3\"><div class=\"gb-container gb-container-6f6bd0d3\"><div class=\"gb-inside-container\">\n<p class=\"gb-headline gb-headline-c8084739 gb-headline-text\">Desde 110 \u20ac<\/p>\n<\/div><\/div><\/div>\n<\/div>\n\n<div class=\"gb-button-wrapper gb-button-wrapper-485ea4ba\">\n<a class=\"gb-button gb-button-8d3e8c8d gb-button-text\" href=\"https:\/\/caravanedugranderg.com\/es\/tours\/marrakech-essaouira\/\"><strong>Ver Tour<\/strong><\/a>\n<\/div>\n<\/div><\/div><\/div>\n\n<div class=\"gb-grid-column gb-grid-column-ffd45ba8 gb-query-loop-item post-247 tours type-tours status-publish hentry category-excursiones\"><div class=\"gb-container gb-container-ffd45ba8\"><div class=\"gb-inside-container\">\n<figure class=\"gb-block-image gb-block-image-0b84d2cc\"><img decoding=\"async\" class=\"gb-image-0b84d2cc \" src=\"https:\/\/caravanedugranderg.com\/es\/wp-content\/uploads\/sites\/2\/2023\/01\/ouzoud.jpg\" \/><\/figure>\n\n<div class=\"gb-headline gb-headline-4234e5f9\"><span class=\"gb-icon\">       <\/span><span class=\"gb-headline-text\"><span class=\"post-term-item term-excursiones\">Excursiones<\/span><\/span><\/div>\n\n<h2 class=\"gb-headline gb-headline-6b4ce3fa gb-headline-text\">EXCURSI\u00d3N DE UN D\u00cdA A LAS CASCADAS DE OUZOUD<\/h2>\n\n<div class=\"gb-grid-wrapper gb-grid-wrapper-0c2c8136\">\n<div class=\"gb-grid-column gb-grid-column-6f6bd0d3\"><div class=\"gb-container gb-container-6f6bd0d3\"><div class=\"gb-inside-container\">\n<p class=\"gb-headline gb-headline-c8084739 gb-headline-text\">Desde 110 \u20ac<\/p>\n<\/div><\/div><\/div>\n<\/div>\n\n<div class=\"gb-button-wrapper gb-button-wrapper-485ea4ba\">\n<a class=\"gb-button gb-button-8d3e8c8d gb-button-text\" href=\"https:\/\/caravanedugranderg.com\/es\/tours\/excursion-marrakech-ouzoud\/\"><strong>Ver Tour<\/strong><\/a>\n<\/div>\n<\/div><\/div><\/div>\n\n<div class=\"gb-grid-column gb-grid-column-ffd45ba8 gb-query-loop-item post-243 tours type-tours status-publish hentry category-excursiones\"><div class=\"gb-container gb-container-ffd45ba8\"><div class=\"gb-inside-container\">\n<figure class=\"gb-block-image gb-block-image-0b84d2cc\"><img decoding=\"async\" class=\"gb-image-0b84d2cc \" src=\"https:\/\/caravanedugranderg.com\/es\/wp-content\/uploads\/sites\/2\/2023\/01\/ourika.jpg\" \/><\/figure>\n\n<div class=\"gb-headline gb-headline-4234e5f9\"><span class=\"gb-icon\">       <\/span><span class=\"gb-headline-text\"><span class=\"post-term-item term-excursiones\">Excursiones<\/span><\/span><\/div>\n\n<h2 class=\"gb-headline gb-headline-6b4ce3fa gb-headline-text\">Valle de Ourika<\/h2>\n\n<div class=\"gb-grid-wrapper gb-grid-wrapper-0c2c8136\">\n<div class=\"gb-grid-column gb-grid-column-6f6bd0d3\"><div class=\"gb-container gb-container-6f6bd0d3\"><div class=\"gb-inside-container\">\n<p class=\"gb-headline gb-headline-c8084739 gb-headline-text\">Desde 110 \u20ac<\/p>\n<\/div><\/div><\/div>\n<\/div>\n\n<div class=\"gb-button-wrapper gb-button-wrapper-485ea4ba\">\n<a class=\"gb-button gb-button-8d3e8c8d gb-button-text\" href=\"https:\/\/caravanedugranderg.com\/es\/tours\/marrakech-valle-ourika\/\"><strong>Ver Tour<\/strong><\/a>\n<\/div>\n<\/div><\/div><\/div>\n<\/div>\n\n<\/div><\/div>\n\n<div class=\"gb-container gb-container-1232b76a\">\n<div class=\"gb-grid-wrapper gb-grid-wrapper-be9c50cf\">\n<div class=\"gb-grid-column gb-grid-column-ed7edcd9\"><div class=\"gb-container gb-container-ed7edcd9\">\n\n<h3 class=\"gb-headline gb-headline-da6a740a gb-headline-text\">Marrakech a las cascadas de Ouzoud<\/h3>\n\n\n\n<p>\u00bfTe gustar\u00eda sumergirte en la naturaleza y admirar hermosas cascadas? Entonces no te puedes perder esta <strong>excursi\u00f3n a las cascadas de Ouzoud<\/strong>. Situadas en el coraz\u00f3n de las monta\u00f1as del Atlas, estas cascadas son un espect\u00e1culo impresionante. Podr\u00e1s disfrutar de un refrescante ba\u00f1o en las <strong>piscinas naturales<\/strong>, <strong>admirar la belleza de la vegetaci\u00f3n circundante<\/strong> y, si tienes suerte, incluso podr\u00e1s ver algunos monos jugando en los \u00e1rboles.<\/p>\n\n<\/div><\/div>\n\n<div class=\"gb-grid-column gb-grid-column-94e2ec02\"><div class=\"gb-container gb-container-94e2ec02\">\n\n<h3 class=\"gb-headline gb-headline-0749e276 gb-headline-text\">Marrakech al Valle de Ourika<\/h3>\n\n\n\n<p>El <strong>Valle de Ourika<\/strong> te espera con su belleza natural y su ambiente tranquilo. Esta excursi\u00f3n te llevar\u00e1 a trav\u00e9s de<strong> paisajes de monta\u00f1as y verdes valles<\/strong>, donde podr\u00e1s <strong>descubrir pueblos bereberes tradicionales<\/strong> y maravillarte con la cultura local. Disfruta de un relajante paseo por los senderos del valle, visita una cooperativa de mujeres que producen aceite de arg\u00e1n y admira las impresionantes <strong>vistas panor\u00e1micas desde el Parque Nacional de Toubkal<\/strong>.<\/p>\n\n<\/div><\/div>\n\n<div class=\"gb-grid-column gb-grid-column-508e93b2\"><div class=\"gb-container gb-container-508e93b2\">\n\n<h3 class=\"gb-headline gb-headline-746b50a3 gb-headline-text\">Marrakech a Telouet y Ait Ben Haddou<\/h3>\n\n\n\n<p>Esta excursi\u00f3n te llevar\u00e1 a dos de los destinos m\u00e1s fascinantes de Marruecos: <strong>Telouet y Ait Ben Haddou<\/strong>. Visitar\u00e1s la antigua <strong>kasbah de Telouet<\/strong>, hogar de los antiguos gobernantes de la regi\u00f3n. Despu\u00e9s, te dirigir\u00e1s a Ait Ben Haddou, un impresionante <strong>pueblo fortificado considerado Patrimonio de la Humanidad por la UNESCO<\/strong>. Podr\u00e1s explorar sus estrechas calles y descubrir la magia de este lugar que ha sido escenario de numerosas pel\u00edculas y series de televisi\u00f3n.<\/p>\n\n<\/div><\/div>\n\n<div class=\"gb-grid-column gb-grid-column-219819e6\"><div class=\"gb-container gb-container-219819e6\">\n\n<h3 class=\"gb-headline gb-headline-963d47b2 gb-headline-text\">Marrakech a Essaouira<\/h3>\n\n\n\n<p>Si te apetece una escapada a la costa, esta <strong>excursi\u00f3n a Essaouira<\/strong> es perfecta para ti. Esta encantadora ciudad portuaria te sorprender\u00e1 con su ambiente relajado, playas de arena dorada y deliciosos mariscos frescos. Pasea por sus calles blancas y azules, visita el <strong>puerto pesquero y disfruta de las impresionantes vistas al oc\u00e9ano Atl\u00e1ntico<\/strong>. Essaouira te cautivar\u00e1 con su encanto bohemio y su rica historia.<\/p>\n\n<\/div><\/div>\n<\/div>\n<\/div>\n\n<div class=\"gb-container gb-container-d483b886\">\n\n<h3 class=\"gb-headline gb-headline-8a81d3c3 gb-headline-text\">Excursiones en camello en Marrakech<\/h3>\n\n\n\n<p>Una visita a Marrakech no estar\u00eda completa sin una experiencia en camello. Emb\u00e1rcate en un paseo en camello por el desierto y disfruta de la tranquilidad y la belleza del paisaje. Descubre el ritmo tranquilo de estos majestuosos animales mientras te desplazas por las dunas doradas y contemplas las vistas impresionantes del desierto. Una aventura que te transportar\u00e1 a tiempos pasados y te permitir\u00e1 conectarte con la naturaleza. Si quieres disfrutar de una experiencia plena no te puedes perder nuestras <strong><a href=\"https:\/\/caravanedugranderg.com\/es\/excursiones-camello-marruecos\/\">excursiones en camello<\/a><\/strong>.<\/p>\n\n\n<div class=\"gb-button-wrapper gb-button-wrapper-f93c102f\">\n\n<a class=\"gb-button gb-button-e9f02fb3 gb-button-text\" href=\"https:\/\/caravanedugranderg.com\/es\/tours-desde-marrakech\/\">Ver Tours al desierto desde Marrakech<\/a>\n\n<\/div>\n\n\n<p>En resumen, las <strong>excursiones desde Marrakech de un d\u00eda<\/strong>, te brinda la oportunidad de explorar los tesoros ocultos de Marruecos. Esta ciudad es un punto de partida <strong>ideal para sumergirte en la riqueza cultural y natural del pa\u00eds<\/strong>. Pero si quieres descubrir la profundidad de esta cultura, aprovecha los <strong><a href=\"https:\/\/caravanedugranderg.com\/es\/tours-desde-marrakech\/\">tours desde Marrakech<\/a><\/strong>, para maravillarte con la majestuosidad de <strong>Erg Chebbi<\/strong> y sus imponentes dunas. Con los <a href=\"https:\/\/caravanedugranderg.com\/es\/tours-desde-casablanca\/\"><strong>tours desde Casablanca<\/strong><\/a>, te adentrar\u00e1s en la historia de las kasbahs y disfrutar\u00e1s de la serenidad del desierto. Si eliges <strong><a href=\"https:\/\/caravanedugranderg.com\/tours-from-zagora\/\">tours desde Zagora<\/a><\/strong>, ser\u00e1s testigo de la belleza inigualable de los valles y oasis en la regi\u00f3n. Mientras tanto, los <strong><a href=\"https:\/\/caravanedugranderg.com\/tours-from-ouarzazate\/\">tours desde Ouarzazate<\/a><\/strong> te llevar\u00e1n a descubrir paisajes cinematogr\u00e1ficos y hermosos palmerales.<\/p>\n\n\n\n<p>Estas excursiones te ofrecen una variedad de opciones para satisfacer tus gustos y preferencias. Desde sumergirte en la rica historia hasta maravillarte con la belleza natural, <strong>cada tour est\u00e1 dise\u00f1ado para crear momentos inolvidables durante tu estancia en Marruecos<\/strong>. \u00a1Prep\u00e1rate para vivir una experiencia aut\u00e9ntica y fascinante!<\/p>\n\n<\/div>","protected":false},"excerpt":{"rendered":"<p>Excursiones desde Marrakech Con salida y llegada en el mismo d\u00eda Bienvenido a Marrakech, una ciudad llena de historia y cultura que te invita a explorar sus alrededores. Si est\u00e1s buscando una experiencia \u00fanica, las excursiones desde Marrakech son la opci\u00f3n perfecta para ti. Te ofrecemos una variedad de opciones para que descubras lugares impresionantes, &#8230; <a title=\"Excursiones de 1 d\u00eda\" class=\"read-more\" href=\"https:\/\/caravanedugranderg.com\/es\/excursiones-dia\/\" aria-label=\"Leer m\u00e1s sobre Excursiones de 1 d\u00eda\">Leer m\u00e1s<\/a><\/p>\n","protected":false},"author":1,"featured_media":0,"parent":0,"menu_order":0,"comment_status":"closed","ping_status":"closed","template":"","meta":{"_acf_changed":false,"_joinchat":[],"footnotes":""},"class_list":["post-16","page","type-page","status-publish"],"acf":[],"yoast_head":"<!-- This site is optimized with the Yoast SEO Premium plugin v21.7 (Yoast SEO v27.4) - https:\/\/yoast.com\/product\/yoast-seo-premium-wordpress\/ -->\n<title>Excursiones por Marruecos | Caravane Du Grand Erg<\/title>\n<meta name=\"description\" content=\"Disfruta de escursiones de un d\u00eda por el sur de Marruecos. Ad\u00e9ntrate en el desierto y descubre las maraviilas de este pa\u00eds.\" \/>\n<meta name=\"robots\" content=\"index, follow, max-snippet:-1, max-image-preview:large, max-video-preview:-1\" \/>\n<link rel=\"canonical\" href=\"https:\/\/caravanedugranderg.com\/es\/excursiones-dia\/\" \/>\n<meta property=\"og:locale\" content=\"es_ES\" \/>\n<meta property=\"og:type\" content=\"article\" \/>\n<meta property=\"og:title\" content=\"Excursiones de 1 d\u00eda\" \/>\n<meta property=\"og:description\" content=\"Disfruta de escursiones de un d\u00eda por el sur de Marruecos. Ad\u00e9ntrate en el desierto y descubre las maraviilas de este pa\u00eds.\" \/>\n<meta property=\"og:url\" content=\"https:\/\/caravanedugranderg.com\/es\/excursiones-dia\/\" \/>\n<meta property=\"og:site_name\" content=\"ES Caravane Du Grand Erg\" \/>\n<meta property=\"article:modified_time\" content=\"2023-08-02T17:53:09+00:00\" \/>\n<meta name=\"twitter:card\" content=\"summary_large_image\" \/>\n<meta name=\"twitter:label1\" content=\"Tiempo de lectura\" \/>\n\t<meta name=\"twitter:data1\" content=\"4 minutos\" \/>\n<script type=\"application\/ld+json\" class=\"yoast-schema-graph\">{\"@context\":\"https:\\\/\\\/schema.org\",\"@graph\":[{\"@type\":\"WebPage\",\"@id\":\"https:\\\/\\\/caravanedugranderg.com\\\/es\\\/excursiones-dia\\\/\",\"url\":\"https:\\\/\\\/caravanedugranderg.com\\\/es\\\/excursiones-dia\\\/\",\"name\":\"Excursiones por Marruecos | Caravane Du Grand Erg\",\"isPartOf\":{\"@id\":\"https:\\\/\\\/caravanedugranderg.com\\\/es\\\/#website\"},\"datePublished\":\"2023-01-12T14:59:24+00:00\",\"dateModified\":\"2023-08-02T17:53:09+00:00\",\"description\":\"Disfruta de escursiones de un d\u00eda por el sur de Marruecos. Ad\u00e9ntrate en el desierto y descubre las maraviilas de este pa\u00eds.\",\"breadcrumb\":{\"@id\":\"https:\\\/\\\/caravanedugranderg.com\\\/es\\\/excursiones-dia\\\/#breadcrumb\"},\"inLanguage\":\"es\",\"potentialAction\":[{\"@type\":\"ReadAction\",\"target\":[\"https:\\\/\\\/caravanedugranderg.com\\\/es\\\/excursiones-dia\\\/\"]}]},{\"@type\":\"BreadcrumbList\",\"@id\":\"https:\\\/\\\/caravanedugranderg.com\\\/es\\\/excursiones-dia\\\/#breadcrumb\",\"itemListElement\":[{\"@type\":\"ListItem\",\"position\":1,\"name\":\"Home\",\"item\":\"https:\\\/\\\/caravanedugranderg.com\\\/es\\\/\"},{\"@type\":\"ListItem\",\"position\":2,\"name\":\"Excursiones de 1 d\u00eda\"}]},{\"@type\":\"WebSite\",\"@id\":\"https:\\\/\\\/caravanedugranderg.com\\\/es\\\/#website\",\"url\":\"https:\\\/\\\/caravanedugranderg.com\\\/es\\\/\",\"name\":\"Caravane Du Grand Erg\",\"description\":\"Tours por el desierto de Marruecos\",\"publisher\":{\"@id\":\"https:\\\/\\\/caravanedugranderg.com\\\/es\\\/#organization\"},\"potentialAction\":[{\"@type\":\"SearchAction\",\"target\":{\"@type\":\"EntryPoint\",\"urlTemplate\":\"https:\\\/\\\/caravanedugranderg.com\\\/es\\\/?s={search_term_string}\"},\"query-input\":{\"@type\":\"PropertyValueSpecification\",\"valueRequired\":true,\"valueName\":\"search_term_string\"}}],\"inLanguage\":\"es\"},{\"@type\":\"Organization\",\"@id\":\"https:\\\/\\\/caravanedugranderg.com\\\/es\\\/#organization\",\"name\":\"Caravane Du Grand Erg\",\"url\":\"https:\\\/\\\/caravanedugranderg.com\\\/es\\\/\",\"logo\":{\"@type\":\"ImageObject\",\"inLanguage\":\"es\",\"@id\":\"https:\\\/\\\/caravanedugranderg.com\\\/es\\\/#\\\/schema\\\/logo\\\/image\\\/\",\"url\":\"https:\\\/\\\/caravanedugranderg.com\\\/es\\\/wp-content\\\/uploads\\\/sites\\\/2\\\/2023\\\/01\\\/cropped-cropped-Caravane-Du-Grand-Erg-logo.png\",\"contentUrl\":\"https:\\\/\\\/caravanedugranderg.com\\\/es\\\/wp-content\\\/uploads\\\/sites\\\/2\\\/2023\\\/01\\\/cropped-cropped-Caravane-Du-Grand-Erg-logo.png\",\"width\":200,\"height\":63,\"caption\":\"Caravane Du Grand Erg\"},\"image\":{\"@id\":\"https:\\\/\\\/caravanedugranderg.com\\\/es\\\/#\\\/schema\\\/logo\\\/image\\\/\"},\"sameAs\":[\"https:\\\/\\\/www.instagram.com\\\/caravane_du_grand_erg\\\/\"]}]}<\/script>\n<!-- \/ Yoast SEO Premium plugin. -->","yoast_head_json":{"title":"Excursiones por Marruecos | Caravane Du Grand Erg","description":"Disfruta de escursiones de un d\u00eda por el sur de Marruecos. Ad\u00e9ntrate en el desierto y descubre las maraviilas de este pa\u00eds.","robots":{"index":"index","follow":"follow","max-snippet":"max-snippet:-1","max-image-preview":"max-image-preview:large","max-video-preview":"max-video-preview:-1"},"canonical":"https:\/\/caravanedugranderg.com\/es\/excursiones-dia\/","og_locale":"es_ES","og_type":"article","og_title":"Excursiones de 1 d\u00eda","og_description":"Disfruta de escursiones de un d\u00eda por el sur de Marruecos. Ad\u00e9ntrate en el desierto y descubre las maraviilas de este pa\u00eds.","og_url":"https:\/\/caravanedugranderg.com\/es\/excursiones-dia\/","og_site_name":"ES Caravane Du Grand Erg","article_modified_time":"2023-08-02T17:53:09+00:00","twitter_card":"summary_large_image","twitter_misc":{"Tiempo de lectura":"4 minutos"},"schema":{"@context":"https:\/\/schema.org","@graph":[{"@type":"WebPage","@id":"https:\/\/caravanedugranderg.com\/es\/excursiones-dia\/","url":"https:\/\/caravanedugranderg.com\/es\/excursiones-dia\/","name":"Excursiones por Marruecos | Caravane Du Grand Erg","isPartOf":{"@id":"https:\/\/caravanedugranderg.com\/es\/#website"},"datePublished":"2023-01-12T14:59:24+00:00","dateModified":"2023-08-02T17:53:09+00:00","description":"Disfruta de escursiones de un d\u00eda por el sur de Marruecos. Ad\u00e9ntrate en el desierto y descubre las maraviilas de este pa\u00eds.","breadcrumb":{"@id":"https:\/\/caravanedugranderg.com\/es\/excursiones-dia\/#breadcrumb"},"inLanguage":"es","potentialAction":[{"@type":"ReadAction","target":["https:\/\/caravanedugranderg.com\/es\/excursiones-dia\/"]}]},{"@type":"BreadcrumbList","@id":"https:\/\/caravanedugranderg.com\/es\/excursiones-dia\/#breadcrumb","itemListElement":[{"@type":"ListItem","position":1,"name":"Home","item":"https:\/\/caravanedugranderg.com\/es\/"},{"@type":"ListItem","position":2,"name":"Excursiones de 1 d\u00eda"}]},{"@type":"WebSite","@id":"https:\/\/caravanedugranderg.com\/es\/#website","url":"https:\/\/caravanedugranderg.com\/es\/","name":"Caravane Du Grand Erg","description":"Tours por el desierto de Marruecos","publisher":{"@id":"https:\/\/caravanedugranderg.com\/es\/#organization"},"potentialAction":[{"@type":"SearchAction","target":{"@type":"EntryPoint","urlTemplate":"https:\/\/caravanedugranderg.com\/es\/?s={search_term_string}"},"query-input":{"@type":"PropertyValueSpecification","valueRequired":true,"valueName":"search_term_string"}}],"inLanguage":"es"},{"@type":"Organization","@id":"https:\/\/caravanedugranderg.com\/es\/#organization","name":"Caravane Du Grand Erg","url":"https:\/\/caravanedugranderg.com\/es\/","logo":{"@type":"ImageObject","inLanguage":"es","@id":"https:\/\/caravanedugranderg.com\/es\/#\/schema\/logo\/image\/","url":"https:\/\/caravanedugranderg.com\/es\/wp-content\/uploads\/sites\/2\/2023\/01\/cropped-cropped-Caravane-Du-Grand-Erg-logo.png","contentUrl":"https:\/\/caravanedugranderg.com\/es\/wp-content\/uploads\/sites\/2\/2023\/01\/cropped-cropped-Caravane-Du-Grand-Erg-logo.png","width":200,"height":63,"caption":"Caravane Du Grand Erg"},"image":{"@id":"https:\/\/caravanedugranderg.com\/es\/#\/schema\/logo\/image\/"},"sameAs":["https:\/\/www.instagram.com\/caravane_du_grand_erg\/"]}]}},"_links":{"self":[{"href":"https:\/\/caravanedugranderg.com\/es\/wp-json\/wp\/v2\/pages\/16","targetHints":{"allow":["GET"]}}],"collection":[{"href":"https:\/\/caravanedugranderg.com\/es\/wp-json\/wp\/v2\/pages"}],"about":[{"href":"https:\/\/caravanedugranderg.com\/es\/wp-json\/wp\/v2\/types\/page"}],"author":[{"embeddable":true,"href":"https:\/\/caravanedugranderg.com\/es\/wp-json\/wp\/v2\/users\/1"}],"replies":[{"embeddable":true,"href":"https:\/\/caravanedugranderg.com\/es\/wp-json\/wp\/v2\/comments?post=16"}],"version-history":[{"count":1,"href":"https:\/\/caravanedugranderg.com\/es\/wp-json\/wp\/v2\/pages\/16\/revisions"}],"predecessor-version":[{"id":1287,"href":"https:\/\/caravanedugranderg.com\/es\/wp-json\/wp\/v2\/pages\/16\/revisions\/1287"}],"wp:attachment":[{"href":"https:\/\/caravanedugranderg.com\/es\/wp-json\/wp\/v2\/media?parent=16"}],"curies":[{"name":"wp","href":"https:\/\/api.w.org\/{rel}","templated":true}]}}