{"id":22,"date":"2023-01-12T15:04:57","date_gmt":"2023-01-12T15:04:57","guid":{"rendered":"https:\/\/caravanedugranderg.com\/es\/tours-desde-zagora\/"},"modified":"2023-10-05T10:30:48","modified_gmt":"2023-10-05T10:30:48","slug":"tours-desde-zagora","status":"publish","type":"page","link":"https:\/\/caravanedugranderg.com\/es\/tours-desde-zagora\/","title":{"rendered":"Tours desde Zagora"},"content":{"rendered":"\n<p><\/p>\n\n\n<div class=\"gb-container gb-container-4f922b59 alignfull\"><div class=\"gb-inside-container\">\n\n<h1 class=\"gb-headline gb-headline-a1fc1b7f gb-headline-text\"><strong>Tours desde Zagora<\/strong><\/h1>\n\n<\/div><div class=\"gb-shapes\"><div class=\"gb-shape gb-shape-1\"><svg xmlns=\"http:\/\/www.w3.org\/2000\/svg\" viewBox=\"0 0 1200 194.3\" preserveAspectRatio=\"none\"><path d=\"M1200 133.3l-50 8.9c-50 8.6-150 26.9-250 31.1-100 4.2-200-4.2-300-26.7S400 89.2 300 62.2C200 35.8 100 17.5 50 8.9L0 0v194.3h1200v-61z\"\/><\/svg><\/div><\/div><\/div>\n\n<div class=\"gb-container gb-container-7c593513\"><div class=\"gb-inside-container\">\n\n<h2 class=\"gb-headline gb-headline-dd348c39 gb-headline-text\">TOURS PRIVADOS POR EL DESIERTO DESDE ZAGORA<\/h2>\n\n\n\n<p class=\"has-text-align-center\"><strong>Zagora<\/strong> es un destino \u00fanico en Marruecos que te transportar\u00e1 a un mundo de belleza des\u00e9rtica y experiencias aut\u00e9nticas. Situada en el coraz\u00f3n del desierto del S\u00e1hara, esta encantadora ciudad te invita a descubrir sus maravillas naturales, su rica cultura y su hospitalidad inigualable. En Caravane Du Grand Eg, te ofrecemos tours excepcionales para que explores Zagora y te sumerjas en la magia del desierto. \u00danete a nosotros en esta aventura inolvidable.<\/p>\n\n\n<div class=\"gb-container gb-container-0fb8d0f6\"><div class=\"gb-inside-container\">\n\n<div class=\"gb-grid-wrapper gb-grid-wrapper-fe79267e gb-query-loop-wrapper\">\n<div class=\"gb-grid-column gb-grid-column-ffd45ba8 gb-query-loop-item post-284 tours type-tours status-publish hentry category-tours-desde-zagora\"><div class=\"gb-container gb-container-ffd45ba8\"><div class=\"gb-inside-container\">\n<figure class=\"gb-block-image gb-block-image-0b84d2cc\"><img decoding=\"async\" class=\"gb-image-0b84d2cc \" src=\"https:\/\/caravanedugranderg.com\/es\/wp-content\/uploads\/sites\/2\/2022\/12\/to-erg-chigaga.jpg\" \/><\/figure>\n\n<div class=\"gb-headline gb-headline-4234e5f9\"><span class=\"gb-icon\">       <\/span><span class=\"gb-headline-text\"><span class=\"post-term-item term-tours-desde-zagora\">Tours desde Zagora<\/span><\/span><\/div>\n\n<h2 class=\"gb-headline gb-headline-6b4ce3fa gb-headline-text\">Zagora al desierto de Erg Chigaga<\/h2>\n\n<div class=\"gb-container gb-container-8fc51d7c\"><div class=\"gb-inside-container\">\n<div class=\"gb-grid-wrapper gb-grid-wrapper-ab5844c7\">\n<div class=\"gb-grid-column gb-grid-column-c5407949\"><div class=\"gb-container gb-container-c5407949\"><div class=\"gb-inside-container\">\n<p class=\"gb-headline gb-headline-c7ed8e3e gb-headline-text\">2<\/p>\n<\/div><\/div><\/div>\n\n<div class=\"gb-grid-column gb-grid-column-604b4d02\"><div class=\"gb-container gb-container-604b4d02\"><div class=\"gb-inside-container\">\n\n<p><strong>d\u00edas<\/strong><\/p>\n\n<\/div><\/div><\/div>\n<\/div>\n<\/div><\/div>\n\n<div class=\"gb-grid-wrapper gb-grid-wrapper-4d6d0296\">\n<div class=\"gb-grid-column gb-grid-column-0211feb7\"><div class=\"gb-container gb-container-0211feb7\"><div class=\"gb-inside-container\">\n<p class=\"gb-headline gb-headline-04ab43ac gb-headline-text\">145 \u20ac<\/p>\n<\/div><\/div><\/div>\n<\/div>\n\n<div class=\"gb-button-wrapper gb-button-wrapper-1609d942\">\n<a class=\"gb-button gb-button-097d34ac gb-button-text\" href=\"https:\/\/caravanedugranderg.com\/es\/tours\/zagora-erg-chigaga-desert\/\">Ver Tour<\/a>\n<\/div>\n<\/div><\/div><\/div>\n\n<div class=\"gb-grid-column gb-grid-column-ffd45ba8 gb-query-loop-item post-280 tours type-tours status-publish hentry category-tours-desde-zagora\"><div class=\"gb-container gb-container-ffd45ba8\"><div class=\"gb-inside-container\">\n<figure class=\"gb-block-image gb-block-image-0b84d2cc\"><img decoding=\"async\" class=\"gb-image-0b84d2cc \" src=\"https:\/\/caravanedugranderg.com\/es\/wp-content\/uploads\/sites\/2\/2022\/12\/to-erg-chigaga-2.jpg\" \/><\/figure>\n\n<div class=\"gb-headline gb-headline-4234e5f9\"><span class=\"gb-icon\">       <\/span><span class=\"gb-headline-text\"><span class=\"post-term-item term-tours-desde-zagora\">Tours desde Zagora<\/span><\/span><\/div>\n\n<h2 class=\"gb-headline gb-headline-6b4ce3fa gb-headline-text\">Zagora a Erg Chigaga y Foum Zguid<\/h2>\n\n<div class=\"gb-container gb-container-8fc51d7c\"><div class=\"gb-inside-container\">\n<div class=\"gb-grid-wrapper gb-grid-wrapper-ab5844c7\">\n<div class=\"gb-grid-column gb-grid-column-c5407949\"><div class=\"gb-container gb-container-c5407949\"><div class=\"gb-inside-container\">\n<p class=\"gb-headline gb-headline-c7ed8e3e gb-headline-text\">2<\/p>\n<\/div><\/div><\/div>\n\n<div class=\"gb-grid-column gb-grid-column-604b4d02\"><div class=\"gb-container gb-container-604b4d02\"><div class=\"gb-inside-container\">\n\n<p><strong>d\u00edas<\/strong><\/p>\n\n<\/div><\/div><\/div>\n<\/div>\n<\/div><\/div>\n\n<div class=\"gb-grid-wrapper gb-grid-wrapper-4d6d0296\">\n<div class=\"gb-grid-column gb-grid-column-0211feb7\"><div class=\"gb-container gb-container-0211feb7\"><div class=\"gb-inside-container\">\n<p class=\"gb-headline gb-headline-04ab43ac gb-headline-text\">195 \u20ac<\/p>\n<\/div><\/div><\/div>\n<\/div>\n\n<div class=\"gb-button-wrapper gb-button-wrapper-1609d942\">\n<a class=\"gb-button gb-button-097d34ac gb-button-text\" href=\"https:\/\/caravanedugranderg.com\/es\/tours\/zagora-erg-chigaga-foumzguid\/\">Ver Tour<\/a>\n<\/div>\n<\/div><\/div><\/div>\n\n<div class=\"gb-grid-column gb-grid-column-ffd45ba8 gb-query-loop-item post-275 tours type-tours status-publish hentry category-tours-desde-zagora\"><div class=\"gb-container gb-container-ffd45ba8\"><div class=\"gb-inside-container\">\n<figure class=\"gb-block-image gb-block-image-0b84d2cc\"><img decoding=\"async\" class=\"gb-image-0b84d2cc \" src=\"https:\/\/caravanedugranderg.com\/es\/wp-content\/uploads\/sites\/2\/2022\/12\/to-erg-chigaga-3.jpg\" \/><\/figure>\n\n<div class=\"gb-headline gb-headline-4234e5f9\"><span class=\"gb-icon\">       <\/span><span class=\"gb-headline-text\"><span class=\"post-term-item term-tours-desde-zagora\">Tours desde Zagora<\/span><\/span><\/div>\n\n<h2 class=\"gb-headline gb-headline-6b4ce3fa gb-headline-text\">Erg Chigaga Experiencia en el desierto<\/h2>\n\n<div class=\"gb-container gb-container-8fc51d7c\"><div class=\"gb-inside-container\">\n<div class=\"gb-grid-wrapper gb-grid-wrapper-ab5844c7\">\n<div class=\"gb-grid-column gb-grid-column-c5407949\"><div class=\"gb-container gb-container-c5407949\"><div class=\"gb-inside-container\">\n<p class=\"gb-headline gb-headline-c7ed8e3e gb-headline-text\">3<\/p>\n<\/div><\/div><\/div>\n\n<div class=\"gb-grid-column gb-grid-column-604b4d02\"><div class=\"gb-container gb-container-604b4d02\"><div class=\"gb-inside-container\">\n\n<p><strong>d\u00edas<\/strong><\/p>\n\n<\/div><\/div><\/div>\n<\/div>\n<\/div><\/div>\n\n<div class=\"gb-grid-wrapper gb-grid-wrapper-4d6d0296\">\n<div class=\"gb-grid-column gb-grid-column-0211feb7\"><div class=\"gb-container gb-container-0211feb7\"><div class=\"gb-inside-container\">\n<p class=\"gb-headline gb-headline-04ab43ac gb-headline-text\">265 \u20ac<\/p>\n<\/div><\/div><\/div>\n<\/div>\n\n<div class=\"gb-button-wrapper gb-button-wrapper-1609d942\">\n<a class=\"gb-button gb-button-097d34ac gb-button-text\" href=\"https:\/\/caravanedugranderg.com\/es\/tours\/erg-chigaga-experiencia-desierto\/\">Ver Tour<\/a>\n<\/div>\n<\/div><\/div><\/div>\n<\/div>\n\n<\/div><\/div>\n<\/div><\/div>\n\n<div class=\"gb-container gb-container-6579b45e\">\n<div class=\"gb-grid-wrapper gb-grid-wrapper-df77cc1b\">\n<div class=\"gb-grid-column gb-grid-column-ab044c9b\"><div class=\"gb-container gb-container-ab044c9b\">\n\n<h2 class=\"gb-headline gb-headline-61d55ed5 gb-headline-text\">Tours por el desierto de Zagora<\/h2>\n\n\n\n<p>Los tours por el desierto de Zagora son una experiencia que no te puedes perder. Sum\u00e9rgete en la belleza infinita de las dunas de arena, admira las impresionantes puestas de sol y marav\u00edllate con el cielo estrellado por la noche. Nuestros gu\u00edas expertos te llevar\u00e1n a lugares fascinantes, como el Valle del Draa y el Oasis de Tinfou, donde podr\u00e1s experimentar la autenticidad y la serenidad del desierto. Prep\u00e1rate para una aventura llena de emociones y recuerdos duraderos.<\/p>\n\n<\/div><\/div>\n\n<div class=\"gb-grid-column gb-grid-column-0bf41783\"><div class=\"gb-container gb-container-0bf41783\">\n\n<h2 class=\"gb-headline gb-headline-ffd91263 gb-headline-text\">Zagora Marruecos \u00bfQu\u00e9 ver?<\/h2>\n\n\n\n<p>En Zagora, hay una serie de lugares fascinantes para visitar y explorar. Uno de los puntos destacados es el famoso signo \u00abTimbuct\u00fa, 52 d\u00edas en camello\u00bb, que se ha convertido en un s\u00edmbolo ic\u00f3nico de Zagora. No te pierdas el mercado local, donde podr\u00e1s comprar aut\u00e9nticos productos artesanales y sumergirte en la vida cotidiana de la ciudad.<\/p>\n\n<\/div><\/div>\n<\/div>\n<\/div>\n\n<div class=\"gb-container gb-container-4b27fe21\">\n<div class=\"gb-grid-wrapper gb-grid-wrapper-0bdfc8d5\">\n<div class=\"gb-grid-column gb-grid-column-f172d6ef\"><div class=\"gb-container gb-container-f172d6ef\">\n\n<h3 class=\"gb-headline gb-headline-dc932fe0 gb-headline-text\">Descubre el encanto del desierto en nuestros campamentos<\/h3>\n\n\n\n<p>Nuestros tours por el desierto de Zagora incluyen la oportunidad de pasar la noche en un campamento bereber tradicional. Disfruta de una cena bajo las estrellas, escucha los tambores tradicionales y sum\u00e9rgete en el esp\u00edritu c\u00e1lido y acogedor de la cultura local. Despi\u00e9rtate con el amanecer dorado y siente la tranquilidad y la paz que solo el desierto puede ofrecer. Esta experiencia \u00fanica te conectar\u00e1 con la naturaleza y te dejar\u00e1 recuerdos inolvidables<\/p>\n\n<\/div><\/div>\n\n<div class=\"gb-grid-column gb-grid-column-12d906d4\"><div class=\"gb-container gb-container-12d906d4\">\n\n<h3 class=\"gb-headline gb-headline-82601d88 gb-headline-text\">Explora la cultura bereber en los pueblos cercanos<\/h3>\n\n\n\n<p>Los alrededores de Zagora albergan encantadores pueblos bereberes que vale la pena explorar. Visita Tamegroute, conocido por su antigua biblioteca y sus talleres de cer\u00e1mica tradicional. Tambi\u00e9n puedes hacer una parada en Tamnougalt, un pueblo hist\u00f3rico con una kasbah bien conservada. Conoce la forma de vida tradicional de los bereberes, aprende sobre sus costumbres y disfruta de su hospitalidad.<\/p>\n\n<\/div><\/div>\n<\/div>\n<\/div>\n\n<div class=\"gb-container gb-container-894c1b43\">\n\n<h2 class=\"gb-headline gb-headline-7ac2f043 gb-headline-text\">Qu\u00e9 hacer en Zagora<\/h2>\n\n\n\n<p>Zagora, situada en el sur de Marruecos, es conocida por ser la \u00abpuerta del desierto\u00bb y es un punto de partida frecuente para excursiones y aventuras en el Sahara. Aqu\u00ed, los visitantes pueden disfrutar de diversas actividades \u00fanicas y aut\u00e9nticas:<\/p>\n\n\n\n<ol class=\"wp-block-list\">\n<li><strong>Tours en dromedario<\/strong>: Explorar las dunas en un paseo en dromedario es una experiencia obligada en Zagora. Los tours pueden variar desde paseos de una hora hasta expediciones de varios d\u00edas. En Caravane Du Grand Erg organizamos rutas por el desierto con paseos a camello.<\/li>\n\n\n\n<li><strong>Explorar el palmeral<\/strong>: El oasis de Zagora es una zona de incre\u00edble belleza, donde los visitantes pueden caminar entre las palmeras y disfrutar de la sombra y el frescor.<\/li>\n\n\n\n<li><strong>Viajar a Tamegroute<\/strong>: Situado a solo 18 km de Zagora, Tamegroute es famoso por su antigua biblioteca de manuscritos y su alfarer\u00eda verde \u00fanica.<\/li>\n\n\n\n<li><strong>Descubrir la cultura local<\/strong>: No te pierdas la oportunidad de probar la gastronom\u00eda local, conocer a los lugare\u00f1os y aprender sobre su cultura y tradiciones.<\/li>\n<\/ol>\n\n\n\n<p>Zagora es m\u00e1s que un simple lugar para visitar; es una oportunidad para sumergirse en la magia y el misterio del desierto de Marruecos.<\/p>\n\n\n\n<h3 class=\"gb-headline gb-headline-4f77d6c7 gb-headline-text\">Sum\u00e9rgete en la m\u00fasica y el baile tradicionales<\/h3>\n\n\n\n<p>La cultura de Zagora est\u00e1 llena de m\u00fasica y bailes tradicionales. No te pierdas la oportunidad de presenciar una actuaci\u00f3n en vivo de m\u00fasica gnawa, una forma de m\u00fasica espiritual y folcl\u00f3rica que te transportar\u00e1 a un estado de trance. \u00danete a la danza tradicional bereber y deja que el ritmo te envuelva. Estas experiencias te permitir\u00e1n conectar con la autenticidad y la alegr\u00eda de la cultura local.<\/p>\n\n\n<div class=\"gb-container gb-container-5548fb0d\">\n<div class=\"gb-grid-wrapper gb-grid-wrapper-8dd52d30\">\n<div class=\"gb-grid-column gb-grid-column-314fd8e2\"><div class=\"gb-container gb-container-314fd8e2\"><\/div><\/div>\n\n<div class=\"gb-grid-column gb-grid-column-51361c10\"><div class=\"gb-container gb-container-51361c10\">\n\n<h2 class=\"gb-headline gb-headline-5293e33f gb-headline-text\">Mejor excursi\u00f3n por Zagora con Caravane Du Grand ERg<\/h2>\n\n\n\n<p>En Caravane Du Grand Erg, nos enorgullece ofrecer la mejor excursi\u00f3n por Zagora. Nuestros tours est\u00e1n dise\u00f1ados para brindarte una experiencia inolvidable, llena de aventura, belleza natural y encuentros culturales significativos.<\/p>\n\n\n\n<p>Nuestros gu\u00edas expertos te acompa\u00f1ar\u00e1n en cada paso del camino, brind\u00e1ndote informaci\u00f3n fascinante sobre la historia, la cultura y la geograf\u00eda de la regi\u00f3n. Te aseguramos que vivir\u00e1s momentos inolvidables y crear\u00e1s recuerdos duraderos.<\/p>\n\n\n\n<p>Para obtener m\u00e1s informaci\u00f3n sobre nuestros tours, visita nuestras p\u00e1ginas de:<\/p>\n\n\n\n<ul class=\"wp-block-list\">\n<li><a href=\"https:\/\/caravanedugranderg.com\/es\/tours-desde-marrakech\/\">Tours al desierto desde Marrakech<\/a><\/li>\n<\/ul>\n\n\n\n<ul class=\"wp-block-list\">\n<li><a href=\"https:\/\/caravanedugranderg.com\/es\/tours-desde-casablanca\/\">Tours al desierto desde Casablanca<\/a><\/li>\n<\/ul>\n\n\n\n<ul class=\"wp-block-list\">\n<li><a href=\"https:\/\/caravanedugranderg.com\/es\/tours-desde-ouarzazate\/\">Tours al desierto desde Ouarzazate<\/a><\/li>\n<\/ul>\n\n\n\n<ul class=\"wp-block-list\">\n<li><a href=\"https:\/\/caravanedugranderg.com\/es\/excursiones-camello-marruecos\/\">Excursiones en camello en Marruecos<\/a><\/li>\n<\/ul>\n\n\n\n<p><\/p>\n\n\n\n<p class=\"has-text-align-center\"><strong>Ven y descubre la maravilla de Zagora con Caravane Du Grand Erg. Te prometemos una experiencia inolvidable en este destino m\u00e1gico del desierto.<\/strong><\/p>\n\n<\/div><\/div>\n<\/div>\n<\/div>\n<\/div>","protected":false},"excerpt":{"rendered":"<p>Tours desde Zagora TOURS PRIVADOS POR EL DESIERTO DESDE ZAGORA Zagora es un destino \u00fanico en Marruecos que te transportar\u00e1 a un mundo de belleza des\u00e9rtica y experiencias aut\u00e9nticas. Situada en el coraz\u00f3n del desierto del S\u00e1hara, esta encantadora ciudad te invita a descubrir sus maravillas naturales, su rica cultura y su hospitalidad inigualable. En &#8230; <a title=\"Tours desde Zagora\" class=\"read-more\" href=\"https:\/\/caravanedugranderg.com\/es\/tours-desde-zagora\/\" aria-label=\"Leer m\u00e1s sobre Tours desde Zagora\">Leer m\u00e1s<\/a><\/p>\n","protected":false},"author":1,"featured_media":0,"parent":0,"menu_order":13,"comment_status":"closed","ping_status":"closed","template":"","meta":{"_acf_changed":false,"_joinchat":[],"footnotes":""},"class_list":["post-22","page","type-page","status-publish"],"acf":[],"yoast_head":"<!-- This site is optimized with the Yoast SEO Premium plugin v21.7 (Yoast SEO v27.4) - https:\/\/yoast.com\/product\/yoast-seo-premium-wordpress\/ -->\n<title>Zagora | Los Mejores Tours privados por el desierto<\/title>\n<meta name=\"description\" content=\"Elige tu excursi\u00f3n por el desierto de Marruecos desde Zagora y disfruta de una experiencia \u00fanica con Caravane Du Grand Erg.\" \/>\n<meta name=\"robots\" content=\"index, follow, max-snippet:-1, max-image-preview:large, max-video-preview:-1\" \/>\n<link rel=\"canonical\" href=\"https:\/\/caravanedugranderg.com\/es\/tours-desde-zagora\/\" \/>\n<meta property=\"og:locale\" content=\"es_ES\" \/>\n<meta property=\"og:type\" content=\"article\" \/>\n<meta property=\"og:title\" content=\"Tours desde Zagora\" \/>\n<meta property=\"og:description\" content=\"Elige tu excursi\u00f3n por el desierto de Marruecos desde Zagora y disfruta de una experiencia \u00fanica con Caravane Du Grand Erg.\" \/>\n<meta property=\"og:url\" content=\"https:\/\/caravanedugranderg.com\/es\/tours-desde-zagora\/\" \/>\n<meta property=\"og:site_name\" content=\"ES Caravane Du Grand Erg\" \/>\n<meta property=\"article:modified_time\" content=\"2023-10-05T10:30:48+00:00\" \/>\n<meta name=\"twitter:card\" content=\"summary_large_image\" \/>\n<meta name=\"twitter:label1\" content=\"Tiempo de lectura\" \/>\n\t<meta name=\"twitter:data1\" content=\"4 minutos\" \/>\n<script type=\"application\/ld+json\" class=\"yoast-schema-graph\">{\"@context\":\"https:\\\/\\\/schema.org\",\"@graph\":[{\"@type\":\"WebPage\",\"@id\":\"https:\\\/\\\/caravanedugranderg.com\\\/es\\\/tours-desde-zagora\\\/\",\"url\":\"https:\\\/\\\/caravanedugranderg.com\\\/es\\\/tours-desde-zagora\\\/\",\"name\":\"Zagora | Los Mejores Tours privados por el desierto\",\"isPartOf\":{\"@id\":\"https:\\\/\\\/caravanedugranderg.com\\\/es\\\/#website\"},\"datePublished\":\"2023-01-12T15:04:57+00:00\",\"dateModified\":\"2023-10-05T10:30:48+00:00\",\"description\":\"Elige tu excursi\u00f3n por el desierto de Marruecos desde Zagora y disfruta de una experiencia \u00fanica con Caravane Du Grand Erg.\",\"breadcrumb\":{\"@id\":\"https:\\\/\\\/caravanedugranderg.com\\\/es\\\/tours-desde-zagora\\\/#breadcrumb\"},\"inLanguage\":\"es\",\"potentialAction\":[{\"@type\":\"ReadAction\",\"target\":[\"https:\\\/\\\/caravanedugranderg.com\\\/es\\\/tours-desde-zagora\\\/\"]}]},{\"@type\":\"BreadcrumbList\",\"@id\":\"https:\\\/\\\/caravanedugranderg.com\\\/es\\\/tours-desde-zagora\\\/#breadcrumb\",\"itemListElement\":[{\"@type\":\"ListItem\",\"position\":1,\"name\":\"Home\",\"item\":\"https:\\\/\\\/caravanedugranderg.com\\\/es\\\/\"},{\"@type\":\"ListItem\",\"position\":2,\"name\":\"Tours desde Zagora\"}]},{\"@type\":\"WebSite\",\"@id\":\"https:\\\/\\\/caravanedugranderg.com\\\/es\\\/#website\",\"url\":\"https:\\\/\\\/caravanedugranderg.com\\\/es\\\/\",\"name\":\"Caravane Du Grand Erg\",\"description\":\"Tours por el desierto de Marruecos\",\"publisher\":{\"@id\":\"https:\\\/\\\/caravanedugranderg.com\\\/es\\\/#organization\"},\"potentialAction\":[{\"@type\":\"SearchAction\",\"target\":{\"@type\":\"EntryPoint\",\"urlTemplate\":\"https:\\\/\\\/caravanedugranderg.com\\\/es\\\/?s={search_term_string}\"},\"query-input\":{\"@type\":\"PropertyValueSpecification\",\"valueRequired\":true,\"valueName\":\"search_term_string\"}}],\"inLanguage\":\"es\"},{\"@type\":\"Organization\",\"@id\":\"https:\\\/\\\/caravanedugranderg.com\\\/es\\\/#organization\",\"name\":\"Caravane Du Grand Erg\",\"url\":\"https:\\\/\\\/caravanedugranderg.com\\\/es\\\/\",\"logo\":{\"@type\":\"ImageObject\",\"inLanguage\":\"es\",\"@id\":\"https:\\\/\\\/caravanedugranderg.com\\\/es\\\/#\\\/schema\\\/logo\\\/image\\\/\",\"url\":\"https:\\\/\\\/caravanedugranderg.com\\\/es\\\/wp-content\\\/uploads\\\/sites\\\/2\\\/2023\\\/01\\\/cropped-cropped-Caravane-Du-Grand-Erg-logo.png\",\"contentUrl\":\"https:\\\/\\\/caravanedugranderg.com\\\/es\\\/wp-content\\\/uploads\\\/sites\\\/2\\\/2023\\\/01\\\/cropped-cropped-Caravane-Du-Grand-Erg-logo.png\",\"width\":200,\"height\":63,\"caption\":\"Caravane Du Grand Erg\"},\"image\":{\"@id\":\"https:\\\/\\\/caravanedugranderg.com\\\/es\\\/#\\\/schema\\\/logo\\\/image\\\/\"},\"sameAs\":[\"https:\\\/\\\/www.instagram.com\\\/caravane_du_grand_erg\\\/\"]}]}<\/script>\n<!-- \/ Yoast SEO Premium plugin. -->","yoast_head_json":{"title":"Zagora | Los Mejores Tours privados por el desierto","description":"Elige tu excursi\u00f3n por el desierto de Marruecos desde Zagora y disfruta de una experiencia \u00fanica con Caravane Du Grand Erg.","robots":{"index":"index","follow":"follow","max-snippet":"max-snippet:-1","max-image-preview":"max-image-preview:large","max-video-preview":"max-video-preview:-1"},"canonical":"https:\/\/caravanedugranderg.com\/es\/tours-desde-zagora\/","og_locale":"es_ES","og_type":"article","og_title":"Tours desde Zagora","og_description":"Elige tu excursi\u00f3n por el desierto de Marruecos desde Zagora y disfruta de una experiencia \u00fanica con Caravane Du Grand Erg.","og_url":"https:\/\/caravanedugranderg.com\/es\/tours-desde-zagora\/","og_site_name":"ES Caravane Du Grand Erg","article_modified_time":"2023-10-05T10:30:48+00:00","twitter_card":"summary_large_image","twitter_misc":{"Tiempo de lectura":"4 minutos"},"schema":{"@context":"https:\/\/schema.org","@graph":[{"@type":"WebPage","@id":"https:\/\/caravanedugranderg.com\/es\/tours-desde-zagora\/","url":"https:\/\/caravanedugranderg.com\/es\/tours-desde-zagora\/","name":"Zagora | Los Mejores Tours privados por el desierto","isPartOf":{"@id":"https:\/\/caravanedugranderg.com\/es\/#website"},"datePublished":"2023-01-12T15:04:57+00:00","dateModified":"2023-10-05T10:30:48+00:00","description":"Elige tu excursi\u00f3n por el desierto de Marruecos desde Zagora y disfruta de una experiencia \u00fanica con Caravane Du Grand Erg.","breadcrumb":{"@id":"https:\/\/caravanedugranderg.com\/es\/tours-desde-zagora\/#breadcrumb"},"inLanguage":"es","potentialAction":[{"@type":"ReadAction","target":["https:\/\/caravanedugranderg.com\/es\/tours-desde-zagora\/"]}]},{"@type":"BreadcrumbList","@id":"https:\/\/caravanedugranderg.com\/es\/tours-desde-zagora\/#breadcrumb","itemListElement":[{"@type":"ListItem","position":1,"name":"Home","item":"https:\/\/caravanedugranderg.com\/es\/"},{"@type":"ListItem","position":2,"name":"Tours desde Zagora"}]},{"@type":"WebSite","@id":"https:\/\/caravanedugranderg.com\/es\/#website","url":"https:\/\/caravanedugranderg.com\/es\/","name":"Caravane Du Grand Erg","description":"Tours por el desierto de Marruecos","publisher":{"@id":"https:\/\/caravanedugranderg.com\/es\/#organization"},"potentialAction":[{"@type":"SearchAction","target":{"@type":"EntryPoint","urlTemplate":"https:\/\/caravanedugranderg.com\/es\/?s={search_term_string}"},"query-input":{"@type":"PropertyValueSpecification","valueRequired":true,"valueName":"search_term_string"}}],"inLanguage":"es"},{"@type":"Organization","@id":"https:\/\/caravanedugranderg.com\/es\/#organization","name":"Caravane Du Grand Erg","url":"https:\/\/caravanedugranderg.com\/es\/","logo":{"@type":"ImageObject","inLanguage":"es","@id":"https:\/\/caravanedugranderg.com\/es\/#\/schema\/logo\/image\/","url":"https:\/\/caravanedugranderg.com\/es\/wp-content\/uploads\/sites\/2\/2023\/01\/cropped-cropped-Caravane-Du-Grand-Erg-logo.png","contentUrl":"https:\/\/caravanedugranderg.com\/es\/wp-content\/uploads\/sites\/2\/2023\/01\/cropped-cropped-Caravane-Du-Grand-Erg-logo.png","width":200,"height":63,"caption":"Caravane Du Grand Erg"},"image":{"@id":"https:\/\/caravanedugranderg.com\/es\/#\/schema\/logo\/image\/"},"sameAs":["https:\/\/www.instagram.com\/caravane_du_grand_erg\/"]}]}},"_links":{"self":[{"href":"https:\/\/caravanedugranderg.com\/es\/wp-json\/wp\/v2\/pages\/22","targetHints":{"allow":["GET"]}}],"collection":[{"href":"https:\/\/caravanedugranderg.com\/es\/wp-json\/wp\/v2\/pages"}],"about":[{"href":"https:\/\/caravanedugranderg.com\/es\/wp-json\/wp\/v2\/types\/page"}],"author":[{"embeddable":true,"href":"https:\/\/caravanedugranderg.com\/es\/wp-json\/wp\/v2\/users\/1"}],"replies":[{"embeddable":true,"href":"https:\/\/caravanedugranderg.com\/es\/wp-json\/wp\/v2\/comments?post=22"}],"version-history":[{"count":1,"href":"https:\/\/caravanedugranderg.com\/es\/wp-json\/wp\/v2\/pages\/22\/revisions"}],"predecessor-version":[{"id":1285,"href":"https:\/\/caravanedugranderg.com\/es\/wp-json\/wp\/v2\/pages\/22\/revisions\/1285"}],"wp:attachment":[{"href":"https:\/\/caravanedugranderg.com\/es\/wp-json\/wp\/v2\/media?parent=22"}],"curies":[{"name":"wp","href":"https:\/\/api.w.org\/{rel}","templated":true}]}}